{"id":254,"date":"2024-09-23T08:46:00","date_gmt":"2024-09-23T06:46:00","guid":{"rendered":"https:\/\/kudmarkomarojica.hr\/?page_id=254"},"modified":"2024-09-23T08:59:22","modified_gmt":"2024-09-23T06:59:22","slug":"plesacki-sastav","status":"publish","type":"page","link":"https:\/\/kudmarkomarojica.hr\/en\/plesacki-sastav\/","title":{"rendered":"Dance group"},"content":{"rendered":"<h3 class=\"wp-block-heading\">Artistic director: Mateo \u010cani\u0107<\/h3>\n\n\n\n<p class=\"has-superbfont-small-font-size\">Plesa\u010dki sastav je ujedno i najve\u0107i sastav u KUD-u. On okuplja preko 100 \u010dlanova koji su podijeljeni u stariju skupinu i dje\u010dju skupinu. Mo\u017eemo se pohvaliti velikom odazivu djece. Plesa\u010dki sastav izvodi sve plesove iz KUD-ovog repertoara. <\/p>\n\n\n\n<p class=\"has-superbfont-small-font-size\">Zahvaljuju\u0107i na\u0161em voditelju Mateu \u010cani\u0107u uspjeli smo realizirati dosta velikih projekata kao \u0161to su: gostovanja raznih KUD-ova, veliki bo\u017ei\u0107ni koncert, izradu logotipa, postavljanje Valpova\u010dkih plesova i ostalih koreografija, te smo odradili 45. obljetnicu na\u0161eg KUD-a.<\/p>\n\n\n\n<div class=\"wp-block-media-text is-stacked-on-mobile\" style=\"margin-top:var(--wp--preset--spacing--superbspacing-small);margin-right:0;margin-bottom:var(--wp--preset--spacing--superbspacing-small);margin-left:0;padding-top:0;padding-right:0;padding-bottom:0;padding-left:0;grid-template-columns:60% auto\"><figure class=\"wp-block-media-text__media\"><img fetchpriority=\"high\" decoding=\"async\" width=\"1024\" height=\"767\" src=\"https:\/\/mlydimrfz8ig.i.optimole.com\/w:1024\/h:767\/q:mauto\/ig:avif\/http:\/\/kudmarkomarojica.hr\/wp-content\/uploads\/2024\/07\/82005413_1462527513906498_2021554910528536576_n.jpg\" alt=\"\" class=\"wp-image-90 size-full\" srcset=\"https:\/\/mlydimrfz8ig.i.optimole.com\/w:1024\/h:767\/q:mauto\/ig:avif\/https:\/\/kudmarkomarojica.hr\/wp-content\/uploads\/2024\/07\/82005413_1462527513906498_2021554910528536576_n.jpg 1024w, https:\/\/mlydimrfz8ig.i.optimole.com\/w:300\/h:225\/q:mauto\/ig:avif\/https:\/\/kudmarkomarojica.hr\/wp-content\/uploads\/2024\/07\/82005413_1462527513906498_2021554910528536576_n.jpg 300w, https:\/\/mlydimrfz8ig.i.optimole.com\/w:768\/h:575\/q:mauto\/ig:avif\/https:\/\/kudmarkomarojica.hr\/wp-content\/uploads\/2024\/07\/82005413_1462527513906498_2021554910528536576_n.jpg 768w, https:\/\/mlydimrfz8ig.i.optimole.com\/w:1442\/h:1080\/q:mauto\/ig:avif\/https:\/\/kudmarkomarojica.hr\/wp-content\/uploads\/2024\/07\/82005413_1462527513906498_2021554910528536576_n.jpg 1536w, https:\/\/mlydimrfz8ig.i.optimole.com\/w:auto\/h:auto\/q:mauto\/ig:avif\/https:\/\/kudmarkomarojica.hr\/wp-content\/uploads\/2024\/07\/82005413_1462527513906498_2021554910528536576_n.jpg 2024w\" sizes=\"(max-width: 1024px) 100vw, 1024px\" \/><\/figure><div class=\"wp-block-media-text__content\">\n<h2 class=\"wp-block-heading has-text-align-center\">Dances<\/h2>\n\n\n\n<p class=\"has-text-align-center\"><strong>KUD &#8220;Marko Marojica&#8221; njeguje i \u010duva od zaborava plesove svoga kraja. U proteklim godinama smo pro\u0161irili na\u0161 repertoar, te osim \u017dupskih bala ple\u0161emo i plesove iz cijele Hrvatske.<\/strong><\/p>\n\n\n\n<div class=\"wp-block-buttons is-content-justification-center is-layout-flex wp-container-core-buttons-is-layout-1 wp-block-buttons-is-layout-flex\">\n<div class=\"wp-block-button\"><a class=\"wp-block-button__link has-vivid-red-background-color has-background has-text-align-center wp-element-button\" href=\"\/en\/plesovi\/\">See More<\/a><\/div>\n<\/div>\n<\/div><\/div>","protected":false},"excerpt":{"rendered":"<p>Voditelj: Mateo \u010cani\u0107 Plesa\u010dki sastav je ujedno i najve\u0107i sastav u KUD-u. On okuplja preko 100 \u010dlanova koji su podijeljeni u stariju skupinu i dje\u010dju skupinu. Mo\u017eemo se pohvaliti velikom [&hellip;]<\/p>","protected":false},"author":1,"featured_media":181,"parent":0,"menu_order":0,"comment_status":"closed","ping_status":"closed","template":"","meta":{"_EventAllDay":false,"_EventTimezone":"","_EventStartDate":"","_EventEndDate":"","_EventStartDateUTC":"","_EventEndDateUTC":"","_EventShowMap":false,"_EventShowMapLink":false,"_EventURL":"","_EventCost":"","_EventCostDescription":"","_EventCurrencySymbol":"","_EventCurrencyCode":"","_EventCurrencyPosition":"","_EventDateTimeSeparator":"","_EventTimeRangeSeparator":"","_EventOrganizerID":[],"_EventVenueID":[],"_OrganizerEmail":"","_OrganizerPhone":"","_OrganizerWebsite":"","_VenueAddress":"","_VenueCity":"","_VenueCountry":"","_VenueProvince":"","_VenueState":"","_VenueZip":"","_VenuePhone":"","_VenueURL":"","_VenueStateProvince":"","_VenueLat":"","_VenueLng":"","_VenueShowMap":false,"_VenueShowMapLink":false,"footnotes":""},"class_list":["post-254","page","type-page","status-publish","has-post-thumbnail","hentry"],"_links":{"self":[{"href":"https:\/\/kudmarkomarojica.hr\/en\/wp-json\/wp\/v2\/pages\/254"}],"collection":[{"href":"https:\/\/kudmarkomarojica.hr\/en\/wp-json\/wp\/v2\/pages"}],"about":[{"href":"https:\/\/kudmarkomarojica.hr\/en\/wp-json\/wp\/v2\/types\/page"}],"author":[{"embeddable":true,"href":"https:\/\/kudmarkomarojica.hr\/en\/wp-json\/wp\/v2\/users\/1"}],"replies":[{"embeddable":true,"href":"https:\/\/kudmarkomarojica.hr\/en\/wp-json\/wp\/v2\/comments?post=254"}],"version-history":[{"count":2,"href":"https:\/\/kudmarkomarojica.hr\/en\/wp-json\/wp\/v2\/pages\/254\/revisions"}],"predecessor-version":[{"id":259,"href":"https:\/\/kudmarkomarojica.hr\/en\/wp-json\/wp\/v2\/pages\/254\/revisions\/259"}],"wp:featuredmedia":[{"embeddable":true,"href":"https:\/\/kudmarkomarojica.hr\/en\/wp-json\/wp\/v2\/media\/181"}],"wp:attachment":[{"href":"https:\/\/kudmarkomarojica.hr\/en\/wp-json\/wp\/v2\/media?parent=254"}],"curies":[{"name":"wp","href":"https:\/\/api.w.org\/{rel}","templated":true}]}}