{"id":257,"date":"2024-09-23T08:59:22","date_gmt":"2024-09-23T06:59:22","guid":{"rendered":"https:\/\/kudmarkomarojica.hr\/?page_id=257"},"modified":"2024-10-03T20:00:57","modified_gmt":"2024-10-03T18:00:57","slug":"tamburaski-sastav","status":"publish","type":"page","link":"https:\/\/kudmarkomarojica.hr\/en\/tamburaski-sastav\/","title":{"rendered":"Tamburica ensemble"},"content":{"rendered":"<h3 class=\"wp-block-heading\">Music director: Enes Omer\u010dahi\u0107<\/h3>\n\n\n\n<p class=\"has-superbfont-small-font-size\">Nakon postavljanja Splitskih plesova 2014. godine javila se potreba za tambura\u0161ima, te smo ih tada uspje\u0161no obnovili zahvaljuju\u0107i tada\u0161njem voditelju Ivanu Vla\u0161i\u0107u. Osim Splitskih plesova sviraju valpova\u010dke plesove, Konavle i dio \u017dupskih plesova, te jo\u0161 nastupaju zajedno sa mje\u0161ovitom klapom KUD-a. Trenuta\u010dno u tambura\u0161kom sastavu imamo 6 \u010dlanova, ali od 2022. godine upisom novih \u010dlanova dobili smo 8 mladih tambura\u0161a koji uporno rade i nadamo se da \u0107e do\u0107i do prvog sastava tambura\u0161a. KUD je prije domovinskog rata imao tako\u0111er tambura\u0161ku sekciju koja se na\u017ealost nije vratila nakon rata, ali zato se nadamo da \u0107emo uspjeti o\u010duvati tambura\u0161e u na\u0161em KUD-u.<\/p>","protected":false},"excerpt":{"rendered":"<p>Voditelj: Enes Omer\u010dahi\u0107 Nakon postavljanja Splitskih plesova 2014. godine javila se potreba za tambura\u0161ima, te smo ih tada uspje\u0161no obnovili zahvaljuju\u0107i tada\u0161njem voditelju Ivanu Vla\u0161i\u0107u. Osim Splitskih plesova sviraju valpova\u010dke [&hellip;]<\/p>","protected":false},"author":1,"featured_media":224,"parent":0,"menu_order":0,"comment_status":"closed","ping_status":"closed","template":"","meta":{"_EventAllDay":false,"_EventTimezone":"","_EventStartDate":"","_EventEndDate":"","_EventStartDateUTC":"","_EventEndDateUTC":"","_EventShowMap":false,"_EventShowMapLink":false,"_EventURL":"","_EventCost":"","_EventCostDescription":"","_EventCurrencySymbol":"","_EventCurrencyCode":"","_EventCurrencyPosition":"","_EventDateTimeSeparator":"","_EventTimeRangeSeparator":"","_EventOrganizerID":[],"_EventVenueID":[],"_OrganizerEmail":"","_OrganizerPhone":"","_OrganizerWebsite":"","_VenueAddress":"","_VenueCity":"","_VenueCountry":"","_VenueProvince":"","_VenueState":"","_VenueZip":"","_VenuePhone":"","_VenueURL":"","_VenueStateProvince":"","_VenueLat":"","_VenueLng":"","_VenueShowMap":false,"_VenueShowMapLink":false,"footnotes":""},"class_list":["post-257","page","type-page","status-publish","has-post-thumbnail","hentry"],"_links":{"self":[{"href":"https:\/\/kudmarkomarojica.hr\/en\/wp-json\/wp\/v2\/pages\/257"}],"collection":[{"href":"https:\/\/kudmarkomarojica.hr\/en\/wp-json\/wp\/v2\/pages"}],"about":[{"href":"https:\/\/kudmarkomarojica.hr\/en\/wp-json\/wp\/v2\/types\/page"}],"author":[{"embeddable":true,"href":"https:\/\/kudmarkomarojica.hr\/en\/wp-json\/wp\/v2\/users\/1"}],"replies":[{"embeddable":true,"href":"https:\/\/kudmarkomarojica.hr\/en\/wp-json\/wp\/v2\/comments?post=257"}],"version-history":[{"count":3,"href":"https:\/\/kudmarkomarojica.hr\/en\/wp-json\/wp\/v2\/pages\/257\/revisions"}],"predecessor-version":[{"id":566,"href":"https:\/\/kudmarkomarojica.hr\/en\/wp-json\/wp\/v2\/pages\/257\/revisions\/566"}],"wp:featuredmedia":[{"embeddable":true,"href":"https:\/\/kudmarkomarojica.hr\/en\/wp-json\/wp\/v2\/media\/224"}],"wp:attachment":[{"href":"https:\/\/kudmarkomarojica.hr\/en\/wp-json\/wp\/v2\/media?parent=257"}],"curies":[{"name":"wp","href":"https:\/\/api.w.org\/{rel}","templated":true}]}}