{"id":262,"date":"2024-09-23T09:04:00","date_gmt":"2024-09-23T07:04:00","guid":{"rendered":"https:\/\/kudmarkomarojica.hr\/?page_id=262"},"modified":"2024-10-03T19:58:51","modified_gmt":"2024-10-03T17:58:51","slug":"mjesovita-klapa","status":"publish","type":"page","link":"https:\/\/kudmarkomarojica.hr\/en\/mjesovita-klapa\/","title":{"rendered":"Mixed vocal group"},"content":{"rendered":"<h3 class=\"wp-block-heading\">Music director: Enes Omer\u010dahi\u0107<\/h3>\n\n\n\n<p class=\"has-superbfont-small-font-size\">Na\u0161 program od 2018. godine oboga\u0107uje i mje\u0161ovita klapa. Klapa nastupa u aran\u017emanu KUD-a i pjeva stare \u017dupske pjesme, ali i pjesme iz okolice Dubrovnika. Pjesme izvode uz pratnju KUD-ovog Tambura\u0161kog orkestra.<\/p>\n\n\n\n<p class=\"has-superbfont-small-font-size\">KUD je u svojoj pro\u0161losti imao mje\u0161ovitu klapu &#8220;Alegria&#8221; koja je na\u017ealost 2009. prestala s radom, ali neki njezini \u010dlanovi pjevaju i u dana\u0161njoj mje\u0161ovitoj klapi KUD-a.<\/p>\n\n\n\n<div style=\"height:100px\" aria-hidden=\"true\" class=\"wp-block-spacer\"><\/div>\n\n\n\n<figure class=\"wp-block-embed is-type-video is-provider-youtube wp-block-embed-youtube wp-embed-aspect-16-9 wp-has-aspect-ratio\" style=\"margin-top:var(--wp--preset--spacing--superbspacing-small);margin-bottom:var(--wp--preset--spacing--superbspacing-small)\"><div class=\"wp-block-embed__wrapper\">\n<iframe title=\"45. Obljetnica KUD-a &quot;Marko Marojica&quot;\" width=\"500\" height=\"281\" src=\"https:\/\/www.youtube.com\/embed\/cN02f7EHai4?start=3005&#038;feature=oembed\" frameborder=\"0\" allow=\"accelerometer; autoplay; clipboard-write; encrypted-media; gyroscope; picture-in-picture; web-share\" referrerpolicy=\"strict-origin-when-cross-origin\" allowfullscreen><\/iframe>\n<\/div><\/figure>","protected":false},"excerpt":{"rendered":"<p>Voditelj: Enes Omer\u010dahi\u0107 Na\u0161 program od 2018. godine oboga\u0107uje i mje\u0161ovita klapa. Klapa nastupa u aran\u017emanu KUD-a i pjeva stare \u017dupske pjesme, ali i pjesme iz okolice Dubrovnika. Pjesme izvode [&hellip;]<\/p>","protected":false},"author":1,"featured_media":562,"parent":0,"menu_order":0,"comment_status":"closed","ping_status":"closed","template":"","meta":{"_EventAllDay":false,"_EventTimezone":"","_EventStartDate":"","_EventEndDate":"","_EventStartDateUTC":"","_EventEndDateUTC":"","_EventShowMap":false,"_EventShowMapLink":false,"_EventURL":"","_EventCost":"","_EventCostDescription":"","_EventCurrencySymbol":"","_EventCurrencyCode":"","_EventCurrencyPosition":"","_EventDateTimeSeparator":"","_EventTimeRangeSeparator":"","_EventOrganizerID":[],"_EventVenueID":[],"_OrganizerEmail":"","_OrganizerPhone":"","_OrganizerWebsite":"","_VenueAddress":"","_VenueCity":"","_VenueCountry":"","_VenueProvince":"","_VenueState":"","_VenueZip":"","_VenuePhone":"","_VenueURL":"","_VenueStateProvince":"","_VenueLat":"","_VenueLng":"","_VenueShowMap":false,"_VenueShowMapLink":false,"footnotes":""},"class_list":["post-262","page","type-page","status-publish","has-post-thumbnail","hentry"],"_links":{"self":[{"href":"https:\/\/kudmarkomarojica.hr\/en\/wp-json\/wp\/v2\/pages\/262"}],"collection":[{"href":"https:\/\/kudmarkomarojica.hr\/en\/wp-json\/wp\/v2\/pages"}],"about":[{"href":"https:\/\/kudmarkomarojica.hr\/en\/wp-json\/wp\/v2\/types\/page"}],"author":[{"embeddable":true,"href":"https:\/\/kudmarkomarojica.hr\/en\/wp-json\/wp\/v2\/users\/1"}],"replies":[{"embeddable":true,"href":"https:\/\/kudmarkomarojica.hr\/en\/wp-json\/wp\/v2\/comments?post=262"}],"version-history":[{"count":3,"href":"https:\/\/kudmarkomarojica.hr\/en\/wp-json\/wp\/v2\/pages\/262\/revisions"}],"predecessor-version":[{"id":563,"href":"https:\/\/kudmarkomarojica.hr\/en\/wp-json\/wp\/v2\/pages\/262\/revisions\/563"}],"wp:featuredmedia":[{"embeddable":true,"href":"https:\/\/kudmarkomarojica.hr\/en\/wp-json\/wp\/v2\/media\/562"}],"wp:attachment":[{"href":"https:\/\/kudmarkomarojica.hr\/en\/wp-json\/wp\/v2\/media?parent=262"}],"curies":[{"name":"wp","href":"https:\/\/api.w.org\/{rel}","templated":true}]}}