{"id":29,"date":"2023-08-21T10:52:04","date_gmt":"2023-08-21T08:52:04","guid":{"rendered":"https:\/\/kudmarkomarojica.hr\/?page_id=29"},"modified":"2024-10-10T12:37:11","modified_gmt":"2024-10-10T10:37:11","slug":"contact","status":"publish","type":"page","link":"https:\/\/kudmarkomarojica.hr\/en\/contact\/","title":{"rendered":"Kontaktirajte nas!"},"content":{"rendered":"<div style=\"height:35px\" aria-hidden=\"true\" class=\"wp-block-spacer\"><\/div>\n\n\n\n<div class=\"wp-block-columns container is-layout-flex wp-container-core-columns-is-layout-2 wp-block-columns-is-layout-flex\">\n<div class=\"wp-block-column is-vertically-aligned-center is-layout-flow wp-block-column-is-layout-flow\">\n<div class=\"wp-block-columns is-layout-flex wp-container-core-columns-is-layout-1 wp-block-columns-is-layout-flex\">\n<div class=\"wp-block-column is-layout-flow wp-block-column-is-layout-flow\" style=\"flex-basis:50%\">\n<h2 class=\"wp-block-heading has-text-align-left hestia-title has-mono-1-color has-text-color has-superbfont-medium-font-size\">Adresa<\/h2>\n\n\n\n<p class=\"has-text-align-left has-contrast-dark-color has-text-color has-superbfont-xsmall-font-size\">Vukovarska 48, 20207 Mlini<\/p>\n\n\n\n<div style=\"height:8px\" aria-hidden=\"true\" class=\"wp-block-spacer\"><\/div>\n\n\n\n<h2 class=\"wp-block-heading has-mono-1-color has-text-color has-link-color has-superbfont-medium-font-size wp-elements-fa753cd569a541bb755646678a7c0790\">Contact<\/h2>\n\n\n\n<p class=\"has-text-align-left has-contrast-dark-color has-text-color has-superbfont-xsmall-font-size\">Predsjednik: Marin Srijense                                                             <\/p>\n\n\n\n<p class=\"has-text-align-left has-contrast-dark-color has-text-color has-superbfont-xsmall-font-size\">Telefon: +385 98 959 3783<\/p>\n\n\n\n<hr class=\"wp-block-separator has-alpha-channel-opacity is-style-wide\"\/>\n\n\n\n<p class=\"has-contrast-dark-color has-text-color has-link-color has-superbfont-xsmall-font-size wp-elements-14149cec6d89e58e69a5b0a452ba352f\">Potpredsjednica: Dragica Hai\u010dman                              <\/p>\n\n\n\n<p class=\"has-contrast-dark-color has-text-color has-link-color has-superbfont-xsmall-font-size wp-elements-19ce39155f088e223f63b674d6659286\">Telefon: +385 99 223 2230<\/p>\n\n\n\n<hr class=\"wp-block-separator has-alpha-channel-opacity is-style-wide\"\/>\n\n\n\n<p class=\"has-contrast-dark-color has-text-color has-link-color has-superbfont-xsmall-font-size wp-elements-c393cff6730e46af0e4a24e9b4981a31\">Tajnik: Davorin Njiri\u0107                                <\/p>\n\n\n\n<p class=\"has-contrast-dark-color has-text-color has-link-color has-superbfont-xsmall-font-size wp-elements-d358253ddd5ddc1f87e59ea7d53b9854\">Telefon: +385 91 521 6032<\/p>\n\n\n\n<hr class=\"wp-block-separator has-alpha-channel-opacity is-style-wide\"\/>\n\n\n\n<p class=\"has-contrast-dark-color has-text-color has-link-color has-superbfont-xsmall-font-size wp-elements-ff8f46397fa367e94e89379c36b0a230\">Umjetni\u010dki voditelj: Mateo \u010cani\u0107                                <\/p>\n\n\n\n<p class=\"has-contrast-dark-color has-text-color has-link-color wp-elements-1af191b1f1f3029f93963319a9cbecad\">Telefon: +385 98 912 1751<\/p>\n\n\n\n<hr class=\"wp-block-separator has-alpha-channel-opacity is-style-wide\"\/>\n<\/div>\n\n\n\n<div class=\"wp-block-column is-layout-flow wp-block-column-is-layout-flow\" style=\"flex-basis:50%\">\n<h4 class=\"wp-block-heading has-text-align-left hestia-title has-mono-1-color has-text-color has-link-color has-superbfont-medium-font-size wp-elements-c4b88d014127643204616b954b4e6f81\"><strong><strong>Email<\/strong><\/strong><\/h4>\n\n\n\n<p class=\"has-text-align-left has-contrast-dark-color has-text-color has-superbfont-xsmall-font-size\"><a href=\"mailto:kud.marko.marojica@gmail.com\">kud.marko.marojica@gmail.com<\/a><\/p>\n\n\n\n<div style=\"height:12px\" aria-hidden=\"true\" class=\"wp-block-spacer\"><\/div>\n\n\n\n<h4 class=\"wp-block-heading has-text-align-left hestia-title has-contrast-dark-color has-text-color\" style=\"font-size:clamp(15.747px, 0.984rem + ((1vw - 3.2px) * 0.938), 24px);\"><strong>Poruka  <\/strong><\/h4>\n\n\n<div class=\"wpforms-container wpforms-container-full wpforms-block wpforms-block-1741eeb3-17d0-437c-a922-7efeffd0b7da\" id=\"wpforms-92\"><form id=\"wpforms-form-92\" class=\"wpforms-validate wpforms-form\" data-formid=\"92\" method=\"post\" enctype=\"multipart\/form-data\" action=\"\/wp-json\/wp\/v2\/pages\/29\" data-token=\"0868026cc1e0b2d6861a83bdd9d14893\" data-token-time=\"1775876778\" data-trp-original-action=\"\/en\/wp-json\/wp\/v2\/pages\/29\"><noscript class=\"wpforms-error-noscript\">Please enable JavaScript in your browser to complete this form.<\/noscript><div class=\"wpforms-field-container\"><div id=\"wpforms-92-field_0-container\" class=\"wpforms-field wpforms-field-name wpforms-one-half wpforms-first\" data-field-id=\"0\"><label class=\"wpforms-field-label\" for=\"wpforms-92-field_0\">Ime <span class=\"wpforms-required-label\">*<\/span><\/label><input type=\"text\" id=\"wpforms-92-field_0\" class=\"wpforms-field-large wpforms-field-required\" name=\"wpforms[fields][0]\" placeholder=\"Va\u0161e ime\" required><\/div><div id=\"wpforms-92-field_3-container\" class=\"wpforms-field wpforms-field-email wpforms-one-half\" data-field-id=\"3\"><label class=\"wpforms-field-label\" for=\"wpforms-92-field_3\">Email <span class=\"wpforms-required-label\">*<\/span><\/label><input type=\"email\" id=\"wpforms-92-field_3\" class=\"wpforms-field-large wpforms-field-required\" name=\"wpforms[fields][3]\" placeholder=\"Va\u0161 Email\" spellcheck=\"false\" required><\/div><div id=\"wpforms-92-field_4-container\" class=\"wpforms-field wpforms-field-text\" data-field-id=\"4\"><label class=\"wpforms-field-label\" for=\"wpforms-92-field_4\">Naslov <span class=\"wpforms-required-label\">*<\/span><\/label><input type=\"text\" id=\"wpforms-92-field_4\" class=\"wpforms-field-large wpforms-field-required\" name=\"wpforms[fields][4]\" placeholder=\"Naslov\" required><\/div><div id=\"wpforms-92-field_2-container\" class=\"wpforms-field wpforms-field-textarea\" data-field-id=\"2\"><label class=\"wpforms-field-label\" for=\"wpforms-92-field_2\">Poruka <span class=\"wpforms-required-label\">*<\/span><\/label><textarea id=\"wpforms-92-field_2\" class=\"wpforms-field-medium wpforms-field-required\" name=\"wpforms[fields][2]\" placeholder=\"Va\u0161a poruka\" required><\/textarea><\/div><\/div><!-- .wpforms-field-container --><div class=\"wpforms-submit-container\" ><input type=\"hidden\" name=\"wpforms[id]\" value=\"92\"><input type=\"hidden\" name=\"page_title\" value=\"\"><input type=\"hidden\" name=\"page_url\" value=\"https:\/\/kudmarkomarojica.hr\/en\/wp-json\/wp\/v2\/pages\/29\"><button type=\"submit\" name=\"wpforms[submit]\" id=\"wpforms-submit-92\" class=\"wpforms-submit\" data-alt-text=\"Slanje...\" data-submit-text=\"Po\u0161alji\" aria-live=\"assertive\" value=\"wpforms-submit\">Po\u0161alji<\/button><\/div><input type=\"hidden\" name=\"trp-form-language\" value=\"en\"\/><\/form><\/div>  <!-- .wpforms-container --><\/div>\n<\/div>\n<\/div>\n<\/div>","protected":false},"excerpt":{"rendered":"<p>Adresa Vukovarska 48, 20207 Mlini Kontakt Predsjednik: Marin Srijense Telefon: +385 98 959 3783 Potpredsjednica: Dragica Hai\u010dman Telefon: +385 99 223 2230 Tajnik: Davorin Njiri\u0107 Telefon: +385 91 521 6032 [&hellip;]<\/p>","protected":false},"author":1,"featured_media":423,"parent":0,"menu_order":0,"comment_status":"closed","ping_status":"closed","template":"","meta":{"_EventAllDay":false,"_EventTimezone":"","_EventStartDate":"","_EventEndDate":"","_EventStartDateUTC":"","_EventEndDateUTC":"","_EventShowMap":false,"_EventShowMapLink":false,"_EventURL":"","_EventCost":"","_EventCostDescription":"","_EventCurrencySymbol":"","_EventCurrencyCode":"","_EventCurrencyPosition":"","_EventDateTimeSeparator":"","_EventTimeRangeSeparator":"","_EventOrganizerID":[],"_EventVenueID":[],"_OrganizerEmail":"","_OrganizerPhone":"","_OrganizerWebsite":"","_VenueAddress":"","_VenueCity":"","_VenueCountry":"","_VenueProvince":"","_VenueState":"","_VenueZip":"","_VenuePhone":"","_VenueURL":"","_VenueStateProvince":"","_VenueLat":"","_VenueLng":"","_VenueShowMap":false,"_VenueShowMapLink":false,"footnotes":""},"class_list":["post-29","page","type-page","status-publish","has-post-thumbnail","hentry"],"_links":{"self":[{"href":"https:\/\/kudmarkomarojica.hr\/en\/wp-json\/wp\/v2\/pages\/29"}],"collection":[{"href":"https:\/\/kudmarkomarojica.hr\/en\/wp-json\/wp\/v2\/pages"}],"about":[{"href":"https:\/\/kudmarkomarojica.hr\/en\/wp-json\/wp\/v2\/types\/page"}],"author":[{"embeddable":true,"href":"https:\/\/kudmarkomarojica.hr\/en\/wp-json\/wp\/v2\/users\/1"}],"replies":[{"embeddable":true,"href":"https:\/\/kudmarkomarojica.hr\/en\/wp-json\/wp\/v2\/comments?post=29"}],"version-history":[{"count":24,"href":"https:\/\/kudmarkomarojica.hr\/en\/wp-json\/wp\/v2\/pages\/29\/revisions"}],"predecessor-version":[{"id":582,"href":"https:\/\/kudmarkomarojica.hr\/en\/wp-json\/wp\/v2\/pages\/29\/revisions\/582"}],"wp:featuredmedia":[{"embeddable":true,"href":"https:\/\/kudmarkomarojica.hr\/en\/wp-json\/wp\/v2\/media\/423"}],"wp:attachment":[{"href":"https:\/\/kudmarkomarojica.hr\/en\/wp-json\/wp\/v2\/media?parent=29"}],"curies":[{"name":"wp","href":"https:\/\/api.w.org\/{rel}","templated":true}]}}