{"id":294,"date":"2024-09-25T09:24:02","date_gmt":"2024-09-25T07:24:02","guid":{"rendered":"https:\/\/kudmarkomarojica.hr\/?page_id=294"},"modified":"2024-09-28T22:35:05","modified_gmt":"2024-09-28T20:35:05","slug":"zupski-bali","status":"publish","type":"page","link":"https:\/\/kudmarkomarojica.hr\/en\/zupski-bali\/","title":{"rendered":"\u017dupski bali"},"content":{"rendered":"<h3 class=\"wp-block-heading\"><strong>Koreografija: Mateo \u010cani\u0107<\/strong><\/h3>\n\n\n\n<h3 class=\"wp-block-heading\"><strong>Lijeri\u010dar: Pavo Srijemsi i Bruno Raji\u0107<\/strong><\/h3>\n\n\n\n<div style=\"height:36px\" aria-hidden=\"true\" class=\"wp-block-spacer\"><\/div>\n\n\n\n<p class=\"has-contrast-dark-color has-text-color has-link-color has-superbfont-small-font-size wp-elements-31001f5f20990ad13e0b7e8486514f5f\">\u017dupski bali se sastoje od pet plesova: Polke, Duete, \u010ci\u010dka, Mazurke i \u017dupske posko\u010dice. \u017dupska posko\u010dica je ina\u010dica Dubrova\u010dke posko\u010dice (Lin\u0111a). Ple\u0161e se uz pratnju lijerice (guda\u010dkog instrumenta sa tri strune).&nbsp; <\/p>\n\n\n\n<p class=\"has-contrast-dark-color has-text-color has-link-color has-superbfont-small-font-size wp-elements-02824743a7d862bf29521b3836174e95\">\u017dupski bali su plesovi iz \u017dupe dubrova\u010dke. \u017dupa dubrova\u010dka je smje\u0161tena isto\u010dno od Dubrovnika,&nbsp; te su \u017eupljani imali veliki doticaj s gradom i njegovom kulturom. <\/p>\n\n\n\n<p class=\"has-contrast-dark-color has-text-color has-link-color has-superbfont-small-font-size wp-elements-0dfdd0fd7946f1772c437abd2db05db7\">KUD &#8220;Marko Marojica&#8221; je i osnovan prvenstveno zbog o\u010duvanja ovih plesova, te tradicionalne \u017eupske narodne no\u0161nje. \u017dupska narodna no\u0161nja je zapravo oblikovana utjecajem Dubrovnika.<\/p>\n\n\n\n<div style=\"height:51px\" aria-hidden=\"true\" class=\"wp-block-spacer\"><\/div>\n\n\n<style type=\"text\/css\">\r\n\t#foogallery-gallery-487 .fg-image {\r\n        width: 150px;\r\n    }\r\n<\/style>\r\n\t\t\t\t<div class=\"foogallery foogallery-container foogallery-default foogallery-lightbox-foogallery fg-gutter-10 fg-center fg-default fg-light fg-border-thin fg-shadow-outline fg-loading-default fg-loaded-fade-in fg-caption-hover fg-hover-fade fg-hover-zoom fg-ready\" id=\"foogallery-gallery-487\" data-foogallery=\"{&quot;item&quot;:{&quot;showCaptionTitle&quot;:true,&quot;showCaptionDescription&quot;:true},&quot;lazy&quot;:true}\" data-foogallery-lightbox=\"{&quot;thumbs&quot;:&quot;bottom&quot;,&quot;thumbsCaptions&quot;:false,&quot;thumbsBestFit&quot;:false,&quot;thumbsSmall&quot;:false,&quot;thumbsCaptionsAlign&quot;:&quot;default&quot;,&quot;info&quot;:&quot;bottom&quot;,&quot;infoVisible&quot;:true,&quot;infoOverlay&quot;:true,&quot;infoAlign&quot;:&quot;default&quot;,&quot;transition&quot;:&quot;fade&quot;,&quot;hoverButtons&quot;:false,&quot;fitMedia&quot;:false,&quot;noScrollbars&quot;:true,&quot;preserveButtonSpace&quot;:true,&quot;buttons&quot;:{&quot;fullscreen&quot;:true,&quot;info&quot;:true,&quot;thumbs&quot;:false},&quot;video&quot;:{&quot;autoPlay&quot;:true}}\" >\r\n\t<div class=\"fg-item fg-type-image fg-idle\"><figure class=\"fg-item-inner\"><a href=\"https:\/\/mlydimrfz8ig.i.optimole.com\/w:auto\/h:auto\/q:mauto\/ig:avif\/https:\/\/kudmarkomarojica.hr\/wp-content\/uploads\/2024\/09\/457804323_17964610031790167_2425278118827337860_n.webp\" data-attachment-id=\"506\" data-type=\"image\" class=\"fg-thumb\"><span class=\"fg-image-wrap\"><img fetchpriority=\"high\" decoding=\"async\" width=\"150\" height=\"150\" class=\"skip-lazy fg-image\" data-src-fg=\"https:\/\/mlydimrfz8ig.i.optimole.com\/w:auto\/h:auto\/q:mauto\/ig:avif\/https:\/\/kudmarkomarojica.hr\/wp-content\/uploads\/cache\/2024\/09\/457804323_17964610031790167_2425278118827337860_n\/605671464.webp\" src=\"data:image\/svg+xml,%3Csvg%20xmlns%3D%22http%3A%2F%2Fwww.w3.org%2F2000%2Fsvg%22%20width%3D%22150%22%20height%3D%22150%22%20viewBox%3D%220%200%20150%20150%22%3E%3C%2Fsvg%3E\" loading=\"eager\"><\/span><span class=\"fg-image-overlay\"><\/span><\/a><figcaption class=\"fg-caption\"><div class=\"fg-caption-inner\"><\/div><\/figcaption><\/figure><div class=\"fg-loader\"><\/div><\/div><div class=\"fg-item fg-type-image fg-idle\"><figure class=\"fg-item-inner\"><a href=\"https:\/\/mlydimrfz8ig.i.optimole.com\/w:auto\/h:auto\/q:mauto\/ig:avif\/https:\/\/kudmarkomarojica.hr\/wp-content\/uploads\/2024\/09\/457522756_17964610040790167_8969023648936964358_n.webp\" data-attachment-id=\"508\" data-type=\"image\" class=\"fg-thumb\"><span class=\"fg-image-wrap\"><img fetchpriority=\"high\" decoding=\"async\" width=\"150\" height=\"150\" class=\"skip-lazy fg-image\" data-src-fg=\"https:\/\/mlydimrfz8ig.i.optimole.com\/w:auto\/h:auto\/q:mauto\/ig:avif\/https:\/\/kudmarkomarojica.hr\/wp-content\/uploads\/cache\/2024\/09\/457522756_17964610040790167_8969023648936964358_n\/928752878.webp\" src=\"data:image\/svg+xml,%3Csvg%20xmlns%3D%22http%3A%2F%2Fwww.w3.org%2F2000%2Fsvg%22%20width%3D%22150%22%20height%3D%22150%22%20viewBox%3D%220%200%20150%20150%22%3E%3C%2Fsvg%3E\" loading=\"eager\"><\/span><span class=\"fg-image-overlay\"><\/span><\/a><figcaption class=\"fg-caption\"><div class=\"fg-caption-inner\"><\/div><\/figcaption><\/figure><div class=\"fg-loader\"><\/div><\/div><div class=\"fg-item fg-type-image fg-idle\"><figure class=\"fg-item-inner\"><a href=\"https:\/\/mlydimrfz8ig.i.optimole.com\/w:auto\/h:auto\/q:mauto\/ig:avif\/https:\/\/kudmarkomarojica.hr\/wp-content\/uploads\/2024\/09\/457515591_17964610076790167_4043617029921659673_n.webp\" data-attachment-id=\"509\" data-type=\"image\" class=\"fg-thumb\"><span class=\"fg-image-wrap\"><img decoding=\"async\" width=\"150\" height=\"150\" class=\"skip-lazy fg-image\" data-src-fg=\"https:\/\/mlydimrfz8ig.i.optimole.com\/w:auto\/h:auto\/q:mauto\/ig:avif\/https:\/\/kudmarkomarojica.hr\/wp-content\/uploads\/cache\/2024\/09\/457515591_17964610076790167_4043617029921659673_n\/3600703680.webp\" src=\"data:image\/svg+xml,%3Csvg%20xmlns%3D%22http%3A%2F%2Fwww.w3.org%2F2000%2Fsvg%22%20width%3D%22150%22%20height%3D%22150%22%20viewBox%3D%220%200%20150%20150%22%3E%3C%2Fsvg%3E\" loading=\"eager\"><\/span><span class=\"fg-image-overlay\"><\/span><\/a><figcaption class=\"fg-caption\"><div class=\"fg-caption-inner\"><\/div><\/figcaption><\/figure><div class=\"fg-loader\"><\/div><\/div><div class=\"fg-item fg-type-image fg-idle\"><figure class=\"fg-item-inner\"><a href=\"https:\/\/mlydimrfz8ig.i.optimole.com\/w:auto\/h:auto\/q:mauto\/ig:avif\/https:\/\/kudmarkomarojica.hr\/wp-content\/uploads\/2024\/09\/457371964_17964610019790167_131310133091366993_n.webp\" data-attachment-id=\"510\" data-type=\"image\" class=\"fg-thumb\"><span class=\"fg-image-wrap\"><img decoding=\"async\" width=\"150\" height=\"150\" class=\"skip-lazy fg-image\" data-src-fg=\"https:\/\/mlydimrfz8ig.i.optimole.com\/w:auto\/h:auto\/q:mauto\/ig:avif\/https:\/\/kudmarkomarojica.hr\/wp-content\/uploads\/cache\/2024\/09\/457371964_17964610019790167_131310133091366993_n\/2803728224.webp\" src=\"data:image\/svg+xml,%3Csvg%20xmlns%3D%22http%3A%2F%2Fwww.w3.org%2F2000%2Fsvg%22%20width%3D%22150%22%20height%3D%22150%22%20viewBox%3D%220%200%20150%20150%22%3E%3C%2Fsvg%3E\" loading=\"eager\"><\/span><span class=\"fg-image-overlay\"><\/span><\/a><figcaption class=\"fg-caption\"><div class=\"fg-caption-inner\"><\/div><\/figcaption><\/figure><div class=\"fg-loader\"><\/div><\/div><div class=\"fg-item fg-type-image fg-idle\"><figure class=\"fg-item-inner\"><a href=\"https:\/\/mlydimrfz8ig.i.optimole.com\/w:auto\/h:auto\/q:mauto\/ig:avif\/https:\/\/kudmarkomarojica.hr\/wp-content\/uploads\/2024\/09\/406535451_6747241631995668_6350322655087723460_n.webp\" data-attachment-id=\"511\" data-type=\"image\" class=\"fg-thumb\"><span class=\"fg-image-wrap\"><img decoding=\"async\" width=\"150\" height=\"150\" class=\"skip-lazy fg-image\" data-src-fg=\"https:\/\/mlydimrfz8ig.i.optimole.com\/w:auto\/h:auto\/q:mauto\/ig:avif\/https:\/\/kudmarkomarojica.hr\/wp-content\/uploads\/cache\/2024\/09\/406535451_6747241631995668_6350322655087723460_n\/1002531161.webp\" src=\"data:image\/svg+xml,%3Csvg%20xmlns%3D%22http%3A%2F%2Fwww.w3.org%2F2000%2Fsvg%22%20width%3D%22150%22%20height%3D%22150%22%20viewBox%3D%220%200%20150%20150%22%3E%3C%2Fsvg%3E\" loading=\"eager\"><\/span><span class=\"fg-image-overlay\"><\/span><\/a><figcaption class=\"fg-caption\"><div class=\"fg-caption-inner\"><\/div><\/figcaption><\/figure><div class=\"fg-loader\"><\/div><\/div><div class=\"fg-item fg-type-image fg-idle\"><figure class=\"fg-item-inner\"><a href=\"https:\/\/mlydimrfz8ig.i.optimole.com\/w:auto\/h:auto\/q:mauto\/ig:avif\/https:\/\/kudmarkomarojica.hr\/wp-content\/uploads\/2024\/09\/60670450_10210916104258877_4670046141419618304_n.webp\" data-attachment-id=\"512\" data-type=\"image\" class=\"fg-thumb\"><span class=\"fg-image-wrap\"><img decoding=\"async\" width=\"150\" height=\"150\" class=\"skip-lazy fg-image\" data-src-fg=\"https:\/\/mlydimrfz8ig.i.optimole.com\/w:auto\/h:auto\/q:mauto\/ig:avif\/https:\/\/kudmarkomarojica.hr\/wp-content\/uploads\/cache\/2024\/09\/60670450_10210916104258877_4670046141419618304_n\/2729412188.webp\" src=\"data:image\/svg+xml,%3Csvg%20xmlns%3D%22http%3A%2F%2Fwww.w3.org%2F2000%2Fsvg%22%20width%3D%22150%22%20height%3D%22150%22%20viewBox%3D%220%200%20150%20150%22%3E%3C%2Fsvg%3E\" loading=\"eager\"><\/span><span class=\"fg-image-overlay\"><\/span><\/a><figcaption class=\"fg-caption\"><div class=\"fg-caption-inner\"><\/div><\/figcaption><\/figure><div class=\"fg-loader\"><\/div><\/div><div class=\"fg-item fg-type-image fg-idle\"><figure class=\"fg-item-inner\"><a href=\"https:\/\/mlydimrfz8ig.i.optimole.com\/w:auto\/h:auto\/q:mauto\/ig:avif\/https:\/\/kudmarkomarojica.hr\/wp-content\/uploads\/2024\/09\/2-z.webp\" data-attachment-id=\"513\" data-type=\"image\" class=\"fg-thumb\"><span class=\"fg-image-wrap\"><img decoding=\"async\" width=\"150\" height=\"150\" class=\"skip-lazy fg-image\" data-src-fg=\"https:\/\/mlydimrfz8ig.i.optimole.com\/w:auto\/h:auto\/q:mauto\/ig:avif\/https:\/\/kudmarkomarojica.hr\/wp-content\/uploads\/cache\/2024\/09\/2-z\/2640185248.webp\" src=\"data:image\/svg+xml,%3Csvg%20xmlns%3D%22http%3A%2F%2Fwww.w3.org%2F2000%2Fsvg%22%20width%3D%22150%22%20height%3D%22150%22%20viewBox%3D%220%200%20150%20150%22%3E%3C%2Fsvg%3E\" loading=\"eager\"><\/span><span class=\"fg-image-overlay\"><\/span><\/a><figcaption class=\"fg-caption\"><div class=\"fg-caption-inner\"><\/div><\/figcaption><\/figure><div class=\"fg-loader\"><\/div><\/div><div class=\"fg-item fg-type-image fg-idle\"><figure class=\"fg-item-inner\"><a href=\"https:\/\/mlydimrfz8ig.i.optimole.com\/w:auto\/h:auto\/q:mauto\/ig:avif\/https:\/\/kudmarkomarojica.hr\/wp-content\/uploads\/2024\/09\/IMG-e42652cbcb03607be531ea0314d50d09-V.webp\" data-attachment-id=\"530\" data-type=\"image\" class=\"fg-thumb\"><span class=\"fg-image-wrap\"><img decoding=\"async\" width=\"150\" height=\"150\" class=\"skip-lazy fg-image\" data-src-fg=\"https:\/\/mlydimrfz8ig.i.optimole.com\/w:auto\/h:auto\/q:mauto\/ig:avif\/https:\/\/kudmarkomarojica.hr\/wp-content\/uploads\/cache\/2024\/09\/IMG-e42652cbcb03607be531ea0314d50d09-V\/3205066343.webp\" src=\"data:image\/svg+xml,%3Csvg%20xmlns%3D%22http%3A%2F%2Fwww.w3.org%2F2000%2Fsvg%22%20width%3D%22150%22%20height%3D%22150%22%20viewBox%3D%220%200%20150%20150%22%3E%3C%2Fsvg%3E\" loading=\"eager\"><\/span><span class=\"fg-image-overlay\"><\/span><\/a><figcaption class=\"fg-caption\"><div class=\"fg-caption-inner\"><\/div><\/figcaption><\/figure><div class=\"fg-loader\"><\/div><\/div><div class=\"fg-item fg-type-image fg-idle\"><figure class=\"fg-item-inner\"><a href=\"https:\/\/mlydimrfz8ig.i.optimole.com\/w:auto\/h:auto\/q:mauto\/ig:avif\/https:\/\/kudmarkomarojica.hr\/wp-content\/uploads\/2024\/09\/IMG-cb385d1cae38fd3c5214ea5be47950b4-V.webp\" data-attachment-id=\"531\" data-type=\"image\" class=\"fg-thumb\"><span class=\"fg-image-wrap\"><img decoding=\"async\" width=\"150\" height=\"150\" class=\"skip-lazy fg-image\" data-src-fg=\"https:\/\/mlydimrfz8ig.i.optimole.com\/w:auto\/h:auto\/q:mauto\/ig:avif\/https:\/\/kudmarkomarojica.hr\/wp-content\/uploads\/cache\/2024\/09\/IMG-cb385d1cae38fd3c5214ea5be47950b4-V\/3115171658.webp\" src=\"data:image\/svg+xml,%3Csvg%20xmlns%3D%22http%3A%2F%2Fwww.w3.org%2F2000%2Fsvg%22%20width%3D%22150%22%20height%3D%22150%22%20viewBox%3D%220%200%20150%20150%22%3E%3C%2Fsvg%3E\" loading=\"eager\"><\/span><span class=\"fg-image-overlay\"><\/span><\/a><figcaption class=\"fg-caption\"><div class=\"fg-caption-inner\"><\/div><\/figcaption><\/figure><div class=\"fg-loader\"><\/div><\/div><div class=\"fg-item fg-type-image fg-idle\"><figure class=\"fg-item-inner\"><a href=\"https:\/\/mlydimrfz8ig.i.optimole.com\/w:auto\/h:auto\/q:mauto\/ig:avif\/https:\/\/kudmarkomarojica.hr\/wp-content\/uploads\/2024\/09\/448883282_1940270513064083_8153373005488139499_n.webp\" data-attachment-id=\"542\" data-type=\"image\" class=\"fg-thumb\"><span class=\"fg-image-wrap\"><img decoding=\"async\" width=\"150\" height=\"150\" class=\"skip-lazy fg-image\" data-src-fg=\"https:\/\/mlydimrfz8ig.i.optimole.com\/w:auto\/h:auto\/q:mauto\/ig:avif\/https:\/\/kudmarkomarojica.hr\/wp-content\/uploads\/cache\/2024\/09\/448883282_1940270513064083_8153373005488139499_n\/1496591584.webp\" src=\"data:image\/svg+xml,%3Csvg%20xmlns%3D%22http%3A%2F%2Fwww.w3.org%2F2000%2Fsvg%22%20width%3D%22150%22%20height%3D%22150%22%20viewBox%3D%220%200%20150%20150%22%3E%3C%2Fsvg%3E\" loading=\"eager\"><\/span><span class=\"fg-image-overlay\"><\/span><\/a><figcaption class=\"fg-caption\"><div class=\"fg-caption-inner\"><\/div><\/figcaption><\/figure><div class=\"fg-loader\"><\/div><\/div><\/div>\r\n\n\n\n\n<div style=\"height:51px\" aria-hidden=\"true\" class=\"wp-block-spacer\"><\/div>\n\n\n\n<figure class=\"wp-block-embed is-type-video is-provider-youtube wp-block-embed-youtube wp-embed-aspect-16-9 wp-has-aspect-ratio\"><div class=\"wp-block-embed__wrapper\">\n<iframe title=\"KUD Marko Marojica gumno i Mlini\" width=\"500\" height=\"281\" src=\"https:\/\/www.youtube.com\/embed\/C-idilDJQD4?feature=oembed\" frameborder=\"0\" allow=\"accelerometer; autoplay; clipboard-write; encrypted-media; gyroscope; picture-in-picture; web-share\" referrerpolicy=\"strict-origin-when-cross-origin\" allowfullscreen><\/iframe>\n<\/div><\/figure>\n\n\n\n<p class=\"has-contrast-dark-color has-text-color has-link-color has-superbfont-small-font-size wp-elements-591a3a16247902c66c55e9966c4528b6\"><\/p>","protected":false},"excerpt":{"rendered":"<p>Koreografija: Mateo \u010cani\u0107 Lijeri\u010dar: Pavo Srijemsi i Bruno Raji\u0107 \u017dupski bali se sastoje od pet plesova: Polke, Duete, \u010ci\u010dka, Mazurke i \u017dupske posko\u010dice. \u017dupska posko\u010dica je ina\u010dica Dubrova\u010dke posko\u010dice (Lin\u0111a). [&hellip;]<\/p>","protected":false},"author":1,"featured_media":185,"parent":0,"menu_order":0,"comment_status":"closed","ping_status":"closed","template":"","meta":{"_EventAllDay":false,"_EventTimezone":"","_EventStartDate":"","_EventEndDate":"","_EventStartDateUTC":"","_EventEndDateUTC":"","_EventShowMap":false,"_EventShowMapLink":false,"_EventURL":"","_EventCost":"","_EventCostDescription":"","_EventCurrencySymbol":"","_EventCurrencyCode":"","_EventCurrencyPosition":"","_EventDateTimeSeparator":"","_EventTimeRangeSeparator":"","_EventOrganizerID":[],"_EventVenueID":[],"_OrganizerEmail":"","_OrganizerPhone":"","_OrganizerWebsite":"","_VenueAddress":"","_VenueCity":"","_VenueCountry":"","_VenueProvince":"","_VenueState":"","_VenueZip":"","_VenuePhone":"","_VenueURL":"","_VenueStateProvince":"","_VenueLat":"","_VenueLng":"","_VenueShowMap":false,"_VenueShowMapLink":false,"footnotes":""},"class_list":["post-294","page","type-page","status-publish","has-post-thumbnail","hentry"],"_links":{"self":[{"href":"https:\/\/kudmarkomarojica.hr\/en\/wp-json\/wp\/v2\/pages\/294"}],"collection":[{"href":"https:\/\/kudmarkomarojica.hr\/en\/wp-json\/wp\/v2\/pages"}],"about":[{"href":"https:\/\/kudmarkomarojica.hr\/en\/wp-json\/wp\/v2\/types\/page"}],"author":[{"embeddable":true,"href":"https:\/\/kudmarkomarojica.hr\/en\/wp-json\/wp\/v2\/users\/1"}],"replies":[{"embeddable":true,"href":"https:\/\/kudmarkomarojica.hr\/en\/wp-json\/wp\/v2\/comments?post=294"}],"version-history":[{"count":21,"href":"https:\/\/kudmarkomarojica.hr\/en\/wp-json\/wp\/v2\/pages\/294\/revisions"}],"predecessor-version":[{"id":491,"href":"https:\/\/kudmarkomarojica.hr\/en\/wp-json\/wp\/v2\/pages\/294\/revisions\/491"}],"wp:featuredmedia":[{"embeddable":true,"href":"https:\/\/kudmarkomarojica.hr\/en\/wp-json\/wp\/v2\/media\/185"}],"wp:attachment":[{"href":"https:\/\/kudmarkomarojica.hr\/en\/wp-json\/wp\/v2\/media?parent=294"}],"curies":[{"name":"wp","href":"https:\/\/api.w.org\/{rel}","templated":true}]}}