{"id":30,"date":"2023-08-21T10:52:04","date_gmt":"2023-08-21T08:52:04","guid":{"rendered":"https:\/\/kudmarkomarojica.hr\/?page_id=30"},"modified":"2024-09-25T10:49:13","modified_gmt":"2024-09-25T08:49:13","slug":"novosti","status":"publish","type":"page","link":"https:\/\/kudmarkomarojica.hr\/en\/novosti\/","title":{"rendered":"News"},"content":{"rendered":"<div class=\"wp-block-query is-layout-flow wp-block-query-is-layout-flow\"><ul class=\"wp-block-post-template is-layout-flow wp-block-post-template-is-layout-flow\"><li class=\"wp-block-post post-1 post type-post status-publish format-standard has-post-thumbnail hentry category-blog\">\n\n<div class=\"wp-block-columns alignwide is-layout-flex wp-container-core-columns-is-layout-1 wp-block-columns-is-layout-flex\">\n<div class=\"wp-block-column is-layout-flow wp-block-column-is-layout-flow\" style=\"flex-basis:66.66%\"><figure class=\"wp-block-post-featured-image\"><a href=\"https:\/\/kudmarkomarojica.hr\/en\/web-stranica\/\" target=\"_self\"  ><img fetchpriority=\"high\" decoding=\"async\" width=\"1845\" height=\"854\" src=\"https:\/\/mlydimrfz8ig.i.optimole.com\/w:auto\/h:auto\/q:mauto\/ig:avif\/https:\/\/kudmarkomarojica.hr\/wp-content\/uploads\/2023\/08\/slika_2024-10-05_181254004.webp\" class=\"attachment-post-thumbnail size-post-thumbnail wp-post-image\" alt=\"Web stranica KUD-a\" style=\"object-fit:cover;\" srcset=\"https:\/\/mlydimrfz8ig.i.optimole.com\/w:auto\/h:auto\/q:mauto\/ig:avif\/https:\/\/kudmarkomarojica.hr\/wp-content\/uploads\/2023\/08\/slika_2024-10-05_181254004.webp 1845w, https:\/\/mlydimrfz8ig.i.optimole.com\/w:300\/h:139\/q:mauto\/ig:avif\/https:\/\/kudmarkomarojica.hr\/wp-content\/uploads\/2023\/08\/slika_2024-10-05_181254004.webp 300w, https:\/\/mlydimrfz8ig.i.optimole.com\/w:1024\/h:474\/q:mauto\/ig:avif\/https:\/\/kudmarkomarojica.hr\/wp-content\/uploads\/2023\/08\/slika_2024-10-05_181254004.webp 1024w, https:\/\/mlydimrfz8ig.i.optimole.com\/w:768\/h:355\/q:mauto\/ig:avif\/https:\/\/kudmarkomarojica.hr\/wp-content\/uploads\/2023\/08\/slika_2024-10-05_181254004.webp 768w, https:\/\/mlydimrfz8ig.i.optimole.com\/w:1536\/h:711\/q:mauto\/ig:avif\/https:\/\/kudmarkomarojica.hr\/wp-content\/uploads\/2023\/08\/slika_2024-10-05_181254004.webp 1536w, https:\/\/mlydimrfz8ig.i.optimole.com\/w:18\/h:8\/q:mauto\/ig:avif\/https:\/\/kudmarkomarojica.hr\/wp-content\/uploads\/2023\/08\/slika_2024-10-05_181254004.webp 18w\" sizes=\"(max-width: 1845px) 100vw, 1845px\" \/><\/a><\/figure><\/div>\n\n\n\n<div class=\"wp-block-column is-layout-flow wp-block-column-is-layout-flow\" style=\"flex-basis:33.33%\"><h2 class=\"wp-block-post-title\"><a href=\"https:\/\/kudmarkomarojica.hr\/en\/web-stranica\/\" target=\"_self\" >Web stranica KUD-a<\/a><\/h2>\n\n<div class=\"wp-block-post-excerpt\"><p class=\"wp-block-post-excerpt__excerpt\">KUD &#8220;Marko Marojica&#8221; je dobio svoju web stranicu. Na njemu mo\u017eete saznati sve novosti vezane za rad i djelovanje KUD-a, mo\u017eete saznati vrijeme i mjesto na\u0161ih sljede\u0107ih nastupa. Tako\u0111er na [&hellip;] <\/p><\/div><\/div>\n<\/div>\n\n<\/li><li class=\"wp-block-post post-246 post type-post status-publish format-standard has-post-thumbnail hentry category-upisi\">\n\n<div class=\"wp-block-columns alignwide is-layout-flex wp-container-core-columns-is-layout-2 wp-block-columns-is-layout-flex\">\n<div class=\"wp-block-column is-layout-flow wp-block-column-is-layout-flow\" style=\"flex-basis:66.66%\"><figure class=\"wp-block-post-featured-image\"><a href=\"https:\/\/kudmarkomarojica.hr\/en\/upis-novih-clanova\/\" target=\"_self\"  ><img fetchpriority=\"high\" decoding=\"async\" width=\"1413\" height=\"740\" src=\"https:\/\/mlydimrfz8ig.i.optimole.com\/w:auto\/h:auto\/q:mauto\/ig:avif\/https:\/\/kudmarkomarojica.hr\/wp-content\/uploads\/2024\/09\/459555942_899535222210429_1280905652669767961_n-1-e1728145288808.webp\" class=\"attachment-post-thumbnail size-post-thumbnail wp-post-image\" alt=\"Upis novih \u010dlanova\" style=\"object-fit:cover;\" srcset=\"https:\/\/mlydimrfz8ig.i.optimole.com\/w:auto\/h:auto\/q:mauto\/ig:avif\/https:\/\/kudmarkomarojica.hr\/wp-content\/uploads\/2024\/09\/459555942_899535222210429_1280905652669767961_n-1-e1728145288808.webp 1413w, https:\/\/mlydimrfz8ig.i.optimole.com\/w:300\/h:157\/q:mauto\/ig:avif\/https:\/\/kudmarkomarojica.hr\/wp-content\/uploads\/2024\/09\/459555942_899535222210429_1280905652669767961_n-1-e1728145288808.webp 300w, https:\/\/mlydimrfz8ig.i.optimole.com\/w:1024\/h:536\/q:mauto\/ig:avif\/https:\/\/kudmarkomarojica.hr\/wp-content\/uploads\/2024\/09\/459555942_899535222210429_1280905652669767961_n-1-e1728145288808.webp 1024w, https:\/\/mlydimrfz8ig.i.optimole.com\/w:768\/h:402\/q:mauto\/ig:avif\/https:\/\/kudmarkomarojica.hr\/wp-content\/uploads\/2024\/09\/459555942_899535222210429_1280905652669767961_n-1-e1728145288808.webp 768w, https:\/\/mlydimrfz8ig.i.optimole.com\/w:18\/h:9\/q:mauto\/ig:avif\/https:\/\/kudmarkomarojica.hr\/wp-content\/uploads\/2024\/09\/459555942_899535222210429_1280905652669767961_n-1-e1728145288808.webp 18w\" sizes=\"(max-width: 1413px) 100vw, 1413px\" \/><\/a><\/figure><\/div>\n\n\n\n<div class=\"wp-block-column is-layout-flow wp-block-column-is-layout-flow\" style=\"flex-basis:33.33%\"><h2 class=\"wp-block-post-title\"><a href=\"https:\/\/kudmarkomarojica.hr\/en\/upis-novih-clanova\/\" target=\"_self\" >Upis novih \u010dlanova<\/a><\/h2>\n\n<div class=\"wp-block-post-excerpt\"><p class=\"wp-block-post-excerpt__excerpt\">VA\u017dNA OBAVIJEST&nbsp; Ako Vam zaigraju noge kad \u010dujete lijericu ili ako Vas \u0161trecne oko srca kad kad \u010dujete tamburu, to su prvi simptomi ove &#8220;bolesti&#8221;&nbsp;&nbsp;Ali nemate brige jo\u0161 je na [&hellip;] <\/p><\/div><\/div>\n<\/div>\n\n<\/li><\/ul><\/div>","protected":false},"excerpt":{"rendered":"","protected":false},"author":1,"featured_media":349,"parent":0,"menu_order":0,"comment_status":"closed","ping_status":"closed","template":"","meta":{"_EventAllDay":false,"_EventTimezone":"","_EventStartDate":"","_EventEndDate":"","_EventStartDateUTC":"","_EventEndDateUTC":"","_EventShowMap":false,"_EventShowMapLink":false,"_EventURL":"","_EventCost":"","_EventCostDescription":"","_EventCurrencySymbol":"","_EventCurrencyCode":"","_EventCurrencyPosition":"","_EventDateTimeSeparator":"","_EventTimeRangeSeparator":"","_EventOrganizerID":[],"_EventVenueID":[],"_OrganizerEmail":"","_OrganizerPhone":"","_OrganizerWebsite":"","_VenueAddress":"","_VenueCity":"","_VenueCountry":"","_VenueProvince":"","_VenueState":"","_VenueZip":"","_VenuePhone":"","_VenueURL":"","_VenueStateProvince":"","_VenueLat":"","_VenueLng":"","_VenueShowMap":false,"_VenueShowMapLink":false,"footnotes":""},"class_list":["post-30","page","type-page","status-publish","has-post-thumbnail","hentry"],"_links":{"self":[{"href":"https:\/\/kudmarkomarojica.hr\/en\/wp-json\/wp\/v2\/pages\/30"}],"collection":[{"href":"https:\/\/kudmarkomarojica.hr\/en\/wp-json\/wp\/v2\/pages"}],"about":[{"href":"https:\/\/kudmarkomarojica.hr\/en\/wp-json\/wp\/v2\/types\/page"}],"author":[{"embeddable":true,"href":"https:\/\/kudmarkomarojica.hr\/en\/wp-json\/wp\/v2\/users\/1"}],"replies":[{"embeddable":true,"href":"https:\/\/kudmarkomarojica.hr\/en\/wp-json\/wp\/v2\/comments?post=30"}],"version-history":[{"count":6,"href":"https:\/\/kudmarkomarojica.hr\/en\/wp-json\/wp\/v2\/pages\/30\/revisions"}],"predecessor-version":[{"id":244,"href":"https:\/\/kudmarkomarojica.hr\/en\/wp-json\/wp\/v2\/pages\/30\/revisions\/244"}],"wp:featuredmedia":[{"embeddable":true,"href":"https:\/\/kudmarkomarojica.hr\/en\/wp-json\/wp\/v2\/media\/349"}],"wp:attachment":[{"href":"https:\/\/kudmarkomarojica.hr\/en\/wp-json\/wp\/v2\/media?parent=30"}],"curies":[{"name":"wp","href":"https:\/\/api.w.org\/{rel}","templated":true}]}}