{"id":333,"date":"2024-09-25T10:23:52","date_gmt":"2024-09-25T08:23:52","guid":{"rendered":"https:\/\/kudmarkomarojica.hr\/?page_id=333"},"modified":"2024-10-03T19:51:47","modified_gmt":"2024-10-03T17:51:47","slug":"valpovacki-plesovi","status":"publish","type":"page","link":"https:\/\/kudmarkomarojica.hr\/en\/valpovacki-plesovi\/","title":{"rendered":"Valpova\u010dki plesovi"},"content":{"rendered":"<h3 class=\"wp-block-heading\"><strong>Koreografija: Sulejman Muratovi\u0107 (Sule)<\/strong><\/h3>\n\n\n\n<h3 class=\"wp-block-heading\"><strong>Glazba: Zlatko Poto\u010dnik<\/strong><\/h3>\n\n\n\n<p class=\"has-contrast-dark-color has-contrast-light-background-color has-text-color has-background has-link-color has-superbfont-small-font-size wp-elements-a3a7f878ed7524f38f5b3da863ce9fe0\">Od mnogobrojnih ina\u010dica \u017eenske no\u0161nje u Slavoniji osobitim se izgledom izdvaja odje\u0107a iz okolice Valpova, posebno iz Bizovca. Zbog nekoliko slojeva u\u0161krobljenih kra\u0107ih podsuknji, preko kojih se stavljaju najgornja suknja ukra\u0161ena \u0161upljikavim vezom i platnena prega\u010da, odje\u0107a poprima zvonast izgled. Bluza vrlo \u0161irokih rukava dopunjena je u\u0161krobljenim i bogato nabranim ovratnikom, pa cijeli izgled podsje\u0107a na odjevni stil iz razdoblja rokokoa. <\/p>\n\n\n\n<p class=\"has-contrast-dark-color has-contrast-light-background-color has-text-color has-background has-link-color has-superbfont-small-font-size wp-elements-3632443a579bab9987479ef94e180a33\">Tipi\u010dno slavonski plesovi, izme\u0111u kojih se isti\u010du \u017eita i todore, odra\u017eavaju svu vitalnost i vedrinu ljudi toga kraja. <\/p>\n\n\n\n<p class=\"has-contrast-dark-color has-contrast-light-background-color has-text-color has-background has-link-color has-superbfont-small-font-size wp-elements-0a417eab5f1f8a0c8019e2bcb1a75733\">U KUD-u se ple\u0161e od 2019. godine kada je Sulinu koreografiju postavio voditelj Mateo \u010cani\u0107.<\/p>\n\n\n\n<div style=\"height:70px\" aria-hidden=\"true\" class=\"wp-block-spacer\"><\/div>\n\n\n<style type=\"text\/css\">\r\n\t#foogallery-gallery-544 .fg-image {\r\n        width: 150px;\r\n    }\r\n<\/style>\r\n\t\t\t\t<div class=\"foogallery foogallery-container foogallery-default foogallery-lightbox-foogallery fg-gutter-10 fg-center fg-default fg-light fg-border-thin fg-shadow-outline fg-loading-default fg-loaded-fade-in fg-caption-hover fg-hover-fade fg-hover-zoom fg-ready\" id=\"foogallery-gallery-544\" data-foogallery=\"{&quot;item&quot;:{&quot;showCaptionTitle&quot;:true,&quot;showCaptionDescription&quot;:true},&quot;lazy&quot;:true}\" data-foogallery-lightbox=\"{&quot;thumbs&quot;:&quot;bottom&quot;,&quot;thumbsCaptions&quot;:false,&quot;thumbsBestFit&quot;:false,&quot;thumbsSmall&quot;:false,&quot;thumbsCaptionsAlign&quot;:&quot;default&quot;,&quot;info&quot;:&quot;bottom&quot;,&quot;infoVisible&quot;:true,&quot;infoOverlay&quot;:true,&quot;infoAlign&quot;:&quot;default&quot;,&quot;transition&quot;:&quot;fade&quot;,&quot;hoverButtons&quot;:false,&quot;fitMedia&quot;:false,&quot;noScrollbars&quot;:true,&quot;preserveButtonSpace&quot;:true,&quot;buttons&quot;:{&quot;fullscreen&quot;:true,&quot;info&quot;:true,&quot;thumbs&quot;:false},&quot;video&quot;:{&quot;autoPlay&quot;:true}}\" >\r\n\t<div class=\"fg-item fg-type-image fg-idle\"><figure class=\"fg-item-inner\"><a href=\"https:\/\/mlydimrfz8ig.i.optimole.com\/w:auto\/h:auto\/q:mauto\/ig:avif\/https:\/\/kudmarkomarojica.hr\/wp-content\/uploads\/2024\/10\/20191220_205133-scaled.webp\" data-attachment-id=\"545\" data-type=\"image\" class=\"fg-thumb\"><span class=\"fg-image-wrap\"><img fetchpriority=\"high\" decoding=\"async\" width=\"150\" height=\"150\" class=\"skip-lazy fg-image\" data-src-fg=\"https:\/\/mlydimrfz8ig.i.optimole.com\/w:auto\/h:auto\/q:mauto\/ig:avif\/https:\/\/kudmarkomarojica.hr\/wp-content\/uploads\/cache\/2024\/10\/20191220_205133-scaled\/3202062717.webp\" src=\"data:image\/svg+xml,%3Csvg%20xmlns%3D%22http%3A%2F%2Fwww.w3.org%2F2000%2Fsvg%22%20width%3D%22150%22%20height%3D%22150%22%20viewBox%3D%220%200%20150%20150%22%3E%3C%2Fsvg%3E\" loading=\"eager\"><\/span><span class=\"fg-image-overlay\"><\/span><\/a><figcaption class=\"fg-caption\"><div class=\"fg-caption-inner\"><\/div><\/figcaption><\/figure><div class=\"fg-loader\"><\/div><\/div><div class=\"fg-item fg-type-image fg-idle\"><figure class=\"fg-item-inner\"><a href=\"https:\/\/mlydimrfz8ig.i.optimole.com\/w:auto\/h:auto\/q:mauto\/ig:avif\/https:\/\/kudmarkomarojica.hr\/wp-content\/uploads\/2024\/10\/20191220_205224-scaled.webp\" data-attachment-id=\"546\" data-type=\"image\" class=\"fg-thumb\"><span class=\"fg-image-wrap\"><img fetchpriority=\"high\" decoding=\"async\" width=\"150\" height=\"150\" class=\"skip-lazy fg-image\" data-src-fg=\"https:\/\/mlydimrfz8ig.i.optimole.com\/w:auto\/h:auto\/q:mauto\/ig:avif\/https:\/\/kudmarkomarojica.hr\/wp-content\/uploads\/cache\/2024\/10\/20191220_205224-scaled\/1301371902.webp\" src=\"data:image\/svg+xml,%3Csvg%20xmlns%3D%22http%3A%2F%2Fwww.w3.org%2F2000%2Fsvg%22%20width%3D%22150%22%20height%3D%22150%22%20viewBox%3D%220%200%20150%20150%22%3E%3C%2Fsvg%3E\" loading=\"eager\"><\/span><span class=\"fg-image-overlay\"><\/span><\/a><figcaption class=\"fg-caption\"><div class=\"fg-caption-inner\"><\/div><\/figcaption><\/figure><div class=\"fg-loader\"><\/div><\/div><div class=\"fg-item fg-type-image fg-idle\"><figure class=\"fg-item-inner\"><a href=\"https:\/\/mlydimrfz8ig.i.optimole.com\/w:auto\/h:auto\/q:mauto\/ig:avif\/https:\/\/kudmarkomarojica.hr\/wp-content\/uploads\/2024\/10\/79771829_10212191669867220_3249121602415099904_n.webp\" data-attachment-id=\"547\" data-type=\"image\" class=\"fg-thumb\"><span class=\"fg-image-wrap\"><img decoding=\"async\" width=\"150\" height=\"150\" class=\"skip-lazy fg-image\" data-src-fg=\"https:\/\/mlydimrfz8ig.i.optimole.com\/w:auto\/h:auto\/q:mauto\/ig:avif\/https:\/\/kudmarkomarojica.hr\/wp-content\/uploads\/cache\/2024\/10\/79771829_10212191669867220_3249121602415099904_n\/3746085164.webp\" src=\"data:image\/svg+xml,%3Csvg%20xmlns%3D%22http%3A%2F%2Fwww.w3.org%2F2000%2Fsvg%22%20width%3D%22150%22%20height%3D%22150%22%20viewBox%3D%220%200%20150%20150%22%3E%3C%2Fsvg%3E\" loading=\"eager\"><\/span><span class=\"fg-image-overlay\"><\/span><\/a><figcaption class=\"fg-caption\"><div class=\"fg-caption-inner\"><\/div><\/figcaption><\/figure><div class=\"fg-loader\"><\/div><\/div><div class=\"fg-item fg-type-image fg-idle\"><figure class=\"fg-item-inner\"><a href=\"https:\/\/mlydimrfz8ig.i.optimole.com\/w:auto\/h:auto\/q:mauto\/ig:avif\/https:\/\/kudmarkomarojica.hr\/wp-content\/uploads\/2024\/10\/79784790_10212191668187178_2380591726680080384_n.webp\" data-attachment-id=\"548\" data-type=\"image\" class=\"fg-thumb\"><span class=\"fg-image-wrap\"><img decoding=\"async\" width=\"150\" height=\"150\" class=\"skip-lazy fg-image\" data-src-fg=\"https:\/\/mlydimrfz8ig.i.optimole.com\/w:auto\/h:auto\/q:mauto\/ig:avif\/https:\/\/kudmarkomarojica.hr\/wp-content\/uploads\/cache\/2024\/10\/79784790_10212191668187178_2380591726680080384_n\/3771025494.webp\" src=\"data:image\/svg+xml,%3Csvg%20xmlns%3D%22http%3A%2F%2Fwww.w3.org%2F2000%2Fsvg%22%20width%3D%22150%22%20height%3D%22150%22%20viewBox%3D%220%200%20150%20150%22%3E%3C%2Fsvg%3E\" loading=\"eager\"><\/span><span class=\"fg-image-overlay\"><\/span><\/a><figcaption class=\"fg-caption\"><div class=\"fg-caption-inner\"><\/div><\/figcaption><\/figure><div class=\"fg-loader\"><\/div><\/div><div class=\"fg-item fg-type-image fg-idle\"><figure class=\"fg-item-inner\"><a href=\"https:\/\/mlydimrfz8ig.i.optimole.com\/w:auto\/h:auto\/q:mauto\/ig:avif\/https:\/\/kudmarkomarojica.hr\/wp-content\/uploads\/2024\/10\/80747635_10212191666307131_3953397192718286848_n.webp\" data-attachment-id=\"549\" data-type=\"image\" class=\"fg-thumb\"><span class=\"fg-image-wrap\"><img decoding=\"async\" width=\"150\" height=\"150\" class=\"skip-lazy fg-image\" data-src-fg=\"https:\/\/mlydimrfz8ig.i.optimole.com\/w:auto\/h:auto\/q:mauto\/ig:avif\/https:\/\/kudmarkomarojica.hr\/wp-content\/uploads\/cache\/2024\/10\/80747635_10212191666307131_3953397192718286848_n\/2546160072.webp\" src=\"data:image\/svg+xml,%3Csvg%20xmlns%3D%22http%3A%2F%2Fwww.w3.org%2F2000%2Fsvg%22%20width%3D%22150%22%20height%3D%22150%22%20viewBox%3D%220%200%20150%20150%22%3E%3C%2Fsvg%3E\" loading=\"eager\"><\/span><span class=\"fg-image-overlay\"><\/span><\/a><figcaption class=\"fg-caption\"><div class=\"fg-caption-inner\"><\/div><\/figcaption><\/figure><div class=\"fg-loader\"><\/div><\/div><div class=\"fg-item fg-type-image fg-idle\"><figure class=\"fg-item-inner\"><a href=\"https:\/\/mlydimrfz8ig.i.optimole.com\/w:auto\/h:auto\/q:mauto\/ig:avif\/https:\/\/kudmarkomarojica.hr\/wp-content\/uploads\/2024\/10\/KUD-Marko-Marojica-45-obljetnica-27.webp\" data-attachment-id=\"550\" data-type=\"image\" class=\"fg-thumb\"><span class=\"fg-image-wrap\"><img decoding=\"async\" width=\"150\" height=\"150\" class=\"skip-lazy fg-image\" data-src-fg=\"https:\/\/mlydimrfz8ig.i.optimole.com\/w:auto\/h:auto\/q:mauto\/ig:avif\/https:\/\/kudmarkomarojica.hr\/wp-content\/uploads\/cache\/2024\/10\/KUD-Marko-Marojica-45-obljetnica-27\/2443437731.webp\" src=\"data:image\/svg+xml,%3Csvg%20xmlns%3D%22http%3A%2F%2Fwww.w3.org%2F2000%2Fsvg%22%20width%3D%22150%22%20height%3D%22150%22%20viewBox%3D%220%200%20150%20150%22%3E%3C%2Fsvg%3E\" loading=\"eager\"><\/span><span class=\"fg-image-overlay\"><\/span><\/a><figcaption class=\"fg-caption\"><div class=\"fg-caption-inner\"><\/div><\/figcaption><\/figure><div class=\"fg-loader\"><\/div><\/div><div class=\"fg-item fg-type-image fg-idle\"><figure class=\"fg-item-inner\"><a href=\"https:\/\/mlydimrfz8ig.i.optimole.com\/w:auto\/h:auto\/q:mauto\/ig:avif\/https:\/\/kudmarkomarojica.hr\/wp-content\/uploads\/2024\/10\/KUD-Marko-Marojica-45-obljetnica-29.webp\" data-attachment-id=\"551\" data-type=\"image\" class=\"fg-thumb\"><span class=\"fg-image-wrap\"><img decoding=\"async\" width=\"150\" height=\"150\" class=\"skip-lazy fg-image\" data-src-fg=\"https:\/\/mlydimrfz8ig.i.optimole.com\/w:auto\/h:auto\/q:mauto\/ig:avif\/https:\/\/kudmarkomarojica.hr\/wp-content\/uploads\/cache\/2024\/10\/KUD-Marko-Marojica-45-obljetnica-29\/937796846.webp\" src=\"data:image\/svg+xml,%3Csvg%20xmlns%3D%22http%3A%2F%2Fwww.w3.org%2F2000%2Fsvg%22%20width%3D%22150%22%20height%3D%22150%22%20viewBox%3D%220%200%20150%20150%22%3E%3C%2Fsvg%3E\" loading=\"eager\"><\/span><span class=\"fg-image-overlay\"><\/span><\/a><figcaption class=\"fg-caption\"><div class=\"fg-caption-inner\"><\/div><\/figcaption><\/figure><div class=\"fg-loader\"><\/div><\/div><\/div>\r\n\n\n\n\n<div style=\"height:70px\" aria-hidden=\"true\" class=\"wp-block-spacer\"><\/div>\n\n\n\n<figure class=\"wp-block-embed is-type-video is-provider-youtube wp-block-embed-youtube wp-embed-aspect-16-9 wp-has-aspect-ratio\"><div class=\"wp-block-embed__wrapper\">\n<iframe title=\"45. Obljetnica KUD-a &quot;Marko Marojica&quot;\" width=\"500\" height=\"281\" src=\"https:\/\/www.youtube.com\/embed\/cN02f7EHai4?start=920&#038;feature=oembed\" frameborder=\"0\" allow=\"accelerometer; autoplay; clipboard-write; encrypted-media; gyroscope; picture-in-picture; web-share\" referrerpolicy=\"strict-origin-when-cross-origin\" allowfullscreen><\/iframe>\n<\/div><\/figure>","protected":false},"excerpt":{"rendered":"<p>Koreografija: Sulejman Muratovi\u0107 (Sule) Glazba: Zlatko Poto\u010dnik Od mnogobrojnih ina\u010dica \u017eenske no\u0161nje u Slavoniji osobitim se izgledom izdvaja odje\u0107a iz okolice Valpova, posebno iz Bizovca. Zbog nekoliko slojeva u\u0161krobljenih kra\u0107ih [&hellip;]<\/p>","protected":false},"author":1,"featured_media":334,"parent":0,"menu_order":0,"comment_status":"closed","ping_status":"closed","template":"","meta":{"_EventAllDay":false,"_EventTimezone":"","_EventStartDate":"","_EventEndDate":"","_EventStartDateUTC":"","_EventEndDateUTC":"","_EventShowMap":false,"_EventShowMapLink":false,"_EventURL":"","_EventCost":"","_EventCostDescription":"","_EventCurrencySymbol":"","_EventCurrencyCode":"","_EventCurrencyPosition":"","_EventDateTimeSeparator":"","_EventTimeRangeSeparator":"","_EventOrganizerID":[],"_EventVenueID":[],"_OrganizerEmail":"","_OrganizerPhone":"","_OrganizerWebsite":"","_VenueAddress":"","_VenueCity":"","_VenueCountry":"","_VenueProvince":"","_VenueState":"","_VenueZip":"","_VenuePhone":"","_VenueURL":"","_VenueStateProvince":"","_VenueLat":"","_VenueLng":"","_VenueShowMap":false,"_VenueShowMapLink":false,"footnotes":""},"class_list":["post-333","page","type-page","status-publish","has-post-thumbnail","hentry"],"_links":{"self":[{"href":"https:\/\/kudmarkomarojica.hr\/en\/wp-json\/wp\/v2\/pages\/333"}],"collection":[{"href":"https:\/\/kudmarkomarojica.hr\/en\/wp-json\/wp\/v2\/pages"}],"about":[{"href":"https:\/\/kudmarkomarojica.hr\/en\/wp-json\/wp\/v2\/types\/page"}],"author":[{"embeddable":true,"href":"https:\/\/kudmarkomarojica.hr\/en\/wp-json\/wp\/v2\/users\/1"}],"replies":[{"embeddable":true,"href":"https:\/\/kudmarkomarojica.hr\/en\/wp-json\/wp\/v2\/comments?post=333"}],"version-history":[{"count":2,"href":"https:\/\/kudmarkomarojica.hr\/en\/wp-json\/wp\/v2\/pages\/333\/revisions"}],"predecessor-version":[{"id":552,"href":"https:\/\/kudmarkomarojica.hr\/en\/wp-json\/wp\/v2\/pages\/333\/revisions\/552"}],"wp:featuredmedia":[{"embeddable":true,"href":"https:\/\/kudmarkomarojica.hr\/en\/wp-json\/wp\/v2\/media\/334"}],"wp:attachment":[{"href":"https:\/\/kudmarkomarojica.hr\/en\/wp-json\/wp\/v2\/media?parent=333"}],"curies":[{"name":"wp","href":"https:\/\/api.w.org\/{rel}","templated":true}]}}