{"id":342,"date":"2024-09-25T10:45:54","date_gmt":"2024-09-25T08:45:54","guid":{"rendered":"https:\/\/kudmarkomarojica.hr\/?page_id=342"},"modified":"2024-10-03T19:55:48","modified_gmt":"2024-10-03T17:55:48","slug":"bunjevacki-plesovi","status":"publish","type":"page","link":"https:\/\/kudmarkomarojica.hr\/en\/bunjevacki-plesovi\/","title":{"rendered":"Bunjeva\u010dki plesovi"},"content":{"rendered":"<h3 class=\"wp-block-heading\"><strong>Koreografija: Mateo \u010cani\u0107<\/strong><\/h3>\n\n\n\n<h3 class=\"wp-block-heading\"><strong>Glazba: \u0110or\u0111e Begu<\/strong><\/h3>\n\n\n\n<p class=\"has-contrast-dark-color has-contrast-light-background-color has-text-color has-background has-link-color has-superbfont-small-font-size wp-elements-77db7f1df14517808bb1990a55475adc\">Povijesne migracije stanovni\u0161tva dovele su do raseljavanja Hrvata izvan domovine. No, Bunjevci, koji \u017eive na sjeveru Vojvodine, odr\u017eali su svoj hrvatski identitet kroz o\u010duvanje jezika, bogate no\u0161nje i niza narodnih obi\u010daja u kojima ples ima posebno mjesto. <\/p>\n\n\n\n<p class=\"has-contrast-dark-color has-contrast-light-background-color has-text-color has-background has-link-color has-superbfont-small-font-size wp-elements-d2321007f567a359ee3a950aeb78efff\">Najpoznatiji ples im je bunjeva\u010dko moma\u010dko kolo. U tom se plesu momci natje\u010du u plesnim domi\u0161ljajima s ciljem zavo\u0111enja djevojaka. Na \u010dizmama imaju zve\u010dke-zvon\u010di\u0107e kojima posti\u017eu posebne zvukovno-ritmi\u010dke efekte.<\/p>\n\n\n\n<p class=\"has-contrast-dark-color has-contrast-light-background-color has-text-color has-background has-link-color has-superbfont-small-font-size wp-elements-511e1df3bb94332589ba6a3708bc3c53\">Rasko\u0161na \u017eenska no\u0161nja koja se nekada izra\u0111ivala od lyonske svile odra\u017eava utjecaj zapadne Europe i gra\u0111anske mode na tradicijsko odijevanje.<\/p>\n\n\n\n<p class=\"has-contrast-dark-color has-contrast-light-background-color has-text-color has-background has-link-color has-superbfont-small-font-size wp-elements-2770716116fd84cc364bffe407e2bc06\">U KUD-u se ple\u0161e od 2021. godine kada je koreografiju postavio voditelj Mateo \u010cani\u0107 povodom obilje\u017eavanja 45 obljetnice KUD-a.<\/p>\n\n\n\n<div style=\"height:70px\" aria-hidden=\"true\" class=\"wp-block-spacer\"><\/div>\n\n\n<style type=\"text\/css\">\r\n\t#foogallery-gallery-554 .fg-image {\r\n        width: 150px;\r\n    }\r\n<\/style>\r\n\t\t\t\t<div class=\"foogallery foogallery-container foogallery-default foogallery-lightbox-foogallery fg-gutter-10 fg-center fg-default fg-light fg-border-thin fg-shadow-outline fg-loading-default fg-loaded-fade-in fg-caption-hover fg-hover-fade fg-hover-zoom fg-ready\" id=\"foogallery-gallery-554\" data-foogallery=\"{&quot;item&quot;:{&quot;showCaptionTitle&quot;:true,&quot;showCaptionDescription&quot;:true},&quot;lazy&quot;:true}\" data-foogallery-lightbox=\"{&quot;thumbs&quot;:&quot;bottom&quot;,&quot;thumbsCaptions&quot;:false,&quot;thumbsBestFit&quot;:false,&quot;thumbsSmall&quot;:false,&quot;thumbsCaptionsAlign&quot;:&quot;default&quot;,&quot;info&quot;:&quot;bottom&quot;,&quot;infoVisible&quot;:true,&quot;infoOverlay&quot;:true,&quot;infoAlign&quot;:&quot;default&quot;,&quot;transition&quot;:&quot;fade&quot;,&quot;hoverButtons&quot;:false,&quot;fitMedia&quot;:false,&quot;noScrollbars&quot;:true,&quot;preserveButtonSpace&quot;:true,&quot;buttons&quot;:{&quot;fullscreen&quot;:true,&quot;info&quot;:true,&quot;thumbs&quot;:false},&quot;video&quot;:{&quot;autoPlay&quot;:true}}\" >\r\n\t<div class=\"fg-item fg-type-image fg-idle\"><figure class=\"fg-item-inner\"><a href=\"https:\/\/mlydimrfz8ig.i.optimole.com\/w:auto\/h:auto\/q:mauto\/ig:avif\/https:\/\/kudmarkomarojica.hr\/wp-content\/uploads\/2024\/10\/KUD-Marko-Marojica-45-obljetnica-2.webp\" data-attachment-id=\"555\" data-type=\"image\" class=\"fg-thumb\"><span class=\"fg-image-wrap\"><img fetchpriority=\"high\" decoding=\"async\" width=\"150\" height=\"150\" class=\"skip-lazy fg-image\" data-src-fg=\"https:\/\/mlydimrfz8ig.i.optimole.com\/w:auto\/h:auto\/q:mauto\/ig:avif\/https:\/\/kudmarkomarojica.hr\/wp-content\/uploads\/cache\/2024\/10\/KUD-Marko-Marojica-45-obljetnica-2\/2016521152.webp\" src=\"data:image\/svg+xml,%3Csvg%20xmlns%3D%22http%3A%2F%2Fwww.w3.org%2F2000%2Fsvg%22%20width%3D%22150%22%20height%3D%22150%22%20viewBox%3D%220%200%20150%20150%22%3E%3C%2Fsvg%3E\" loading=\"eager\"><\/span><span class=\"fg-image-overlay\"><\/span><\/a><figcaption class=\"fg-caption\"><div class=\"fg-caption-inner\"><\/div><\/figcaption><\/figure><div class=\"fg-loader\"><\/div><\/div><div class=\"fg-item fg-type-image fg-idle\"><figure class=\"fg-item-inner\"><a href=\"https:\/\/mlydimrfz8ig.i.optimole.com\/w:auto\/h:auto\/q:mauto\/ig:avif\/https:\/\/kudmarkomarojica.hr\/wp-content\/uploads\/2024\/10\/KUD-Marko-Marojica-45-obljetnica-3.webp\" data-attachment-id=\"556\" data-type=\"image\" class=\"fg-thumb\"><span class=\"fg-image-wrap\"><img fetchpriority=\"high\" decoding=\"async\" width=\"150\" height=\"150\" class=\"skip-lazy fg-image\" data-src-fg=\"https:\/\/mlydimrfz8ig.i.optimole.com\/w:auto\/h:auto\/q:mauto\/ig:avif\/https:\/\/kudmarkomarojica.hr\/wp-content\/uploads\/cache\/2024\/10\/KUD-Marko-Marojica-45-obljetnica-3\/2224746619.webp\" src=\"data:image\/svg+xml,%3Csvg%20xmlns%3D%22http%3A%2F%2Fwww.w3.org%2F2000%2Fsvg%22%20width%3D%22150%22%20height%3D%22150%22%20viewBox%3D%220%200%20150%20150%22%3E%3C%2Fsvg%3E\" loading=\"eager\"><\/span><span class=\"fg-image-overlay\"><\/span><\/a><figcaption class=\"fg-caption\"><div class=\"fg-caption-inner\"><\/div><\/figcaption><\/figure><div class=\"fg-loader\"><\/div><\/div><div class=\"fg-item fg-type-image fg-idle\"><figure class=\"fg-item-inner\"><a href=\"https:\/\/mlydimrfz8ig.i.optimole.com\/w:auto\/h:auto\/q:mauto\/ig:avif\/https:\/\/kudmarkomarojica.hr\/wp-content\/uploads\/2024\/10\/KUD-Marko-Marojica-45-obljetnica-4.webp\" data-attachment-id=\"557\" data-type=\"image\" class=\"fg-thumb\"><span class=\"fg-image-wrap\"><img decoding=\"async\" width=\"150\" height=\"150\" class=\"skip-lazy fg-image\" data-src-fg=\"https:\/\/mlydimrfz8ig.i.optimole.com\/w:auto\/h:auto\/q:mauto\/ig:avif\/https:\/\/kudmarkomarojica.hr\/wp-content\/uploads\/cache\/2024\/10\/KUD-Marko-Marojica-45-obljetnica-4\/258254117.webp\" src=\"data:image\/svg+xml,%3Csvg%20xmlns%3D%22http%3A%2F%2Fwww.w3.org%2F2000%2Fsvg%22%20width%3D%22150%22%20height%3D%22150%22%20viewBox%3D%220%200%20150%20150%22%3E%3C%2Fsvg%3E\" loading=\"eager\"><\/span><span class=\"fg-image-overlay\"><\/span><\/a><figcaption class=\"fg-caption\"><div class=\"fg-caption-inner\"><\/div><\/figcaption><\/figure><div class=\"fg-loader\"><\/div><\/div><div class=\"fg-item fg-type-image fg-idle\"><figure class=\"fg-item-inner\"><a href=\"https:\/\/mlydimrfz8ig.i.optimole.com\/w:auto\/h:auto\/q:mauto\/ig:avif\/https:\/\/kudmarkomarojica.hr\/wp-content\/uploads\/2024\/10\/KUD-Marko-Marojica-45-obljetnica-6.webp\" data-attachment-id=\"558\" data-type=\"image\" class=\"fg-thumb\"><span class=\"fg-image-wrap\"><img decoding=\"async\" width=\"150\" height=\"150\" class=\"skip-lazy fg-image\" data-src-fg=\"https:\/\/mlydimrfz8ig.i.optimole.com\/w:auto\/h:auto\/q:mauto\/ig:avif\/https:\/\/kudmarkomarojica.hr\/wp-content\/uploads\/cache\/2024\/10\/KUD-Marko-Marojica-45-obljetnica-6\/3554799929.webp\" src=\"data:image\/svg+xml,%3Csvg%20xmlns%3D%22http%3A%2F%2Fwww.w3.org%2F2000%2Fsvg%22%20width%3D%22150%22%20height%3D%22150%22%20viewBox%3D%220%200%20150%20150%22%3E%3C%2Fsvg%3E\" loading=\"eager\"><\/span><span class=\"fg-image-overlay\"><\/span><\/a><figcaption class=\"fg-caption\"><div class=\"fg-caption-inner\"><\/div><\/figcaption><\/figure><div class=\"fg-loader\"><\/div><\/div><div class=\"fg-item fg-type-image fg-idle\"><figure class=\"fg-item-inner\"><a href=\"https:\/\/mlydimrfz8ig.i.optimole.com\/w:auto\/h:auto\/q:mauto\/ig:avif\/https:\/\/kudmarkomarojica.hr\/wp-content\/uploads\/2024\/10\/KUD-Marko-Marojica-45-obljetnica-8.webp\" data-attachment-id=\"559\" data-type=\"image\" class=\"fg-thumb\"><span class=\"fg-image-wrap\"><img decoding=\"async\" width=\"150\" height=\"150\" class=\"skip-lazy fg-image\" data-src-fg=\"https:\/\/mlydimrfz8ig.i.optimole.com\/w:auto\/h:auto\/q:mauto\/ig:avif\/https:\/\/kudmarkomarojica.hr\/wp-content\/uploads\/cache\/2024\/10\/KUD-Marko-Marojica-45-obljetnica-8\/4105966140.webp\" src=\"data:image\/svg+xml,%3Csvg%20xmlns%3D%22http%3A%2F%2Fwww.w3.org%2F2000%2Fsvg%22%20width%3D%22150%22%20height%3D%22150%22%20viewBox%3D%220%200%20150%20150%22%3E%3C%2Fsvg%3E\" loading=\"eager\"><\/span><span class=\"fg-image-overlay\"><\/span><\/a><figcaption class=\"fg-caption\"><div class=\"fg-caption-inner\"><\/div><\/figcaption><\/figure><div class=\"fg-loader\"><\/div><\/div><\/div>\r\n\n\n\n\n<div style=\"height:70px\" aria-hidden=\"true\" class=\"wp-block-spacer\"><\/div>\n\n\n\n<figure class=\"wp-block-embed is-type-video is-provider-youtube wp-block-embed-youtube wp-embed-aspect-16-9 wp-has-aspect-ratio\"><div class=\"wp-block-embed__wrapper\">\n<iframe title=\"45. Obljetnica KUD-a &quot;Marko Marojica&quot;\" width=\"500\" height=\"281\" src=\"https:\/\/www.youtube.com\/embed\/cN02f7EHai4?start=1221&#038;feature=oembed\" frameborder=\"0\" allow=\"accelerometer; autoplay; clipboard-write; encrypted-media; gyroscope; picture-in-picture; web-share\" referrerpolicy=\"strict-origin-when-cross-origin\" allowfullscreen><\/iframe>\n<\/div><\/figure>","protected":false},"excerpt":{"rendered":"<p>Koreografija: Mateo \u010cani\u0107 Glazba: \u0110or\u0111e Begu Povijesne migracije stanovni\u0161tva dovele su do raseljavanja Hrvata izvan domovine. No, Bunjevci, koji \u017eive na sjeveru Vojvodine, odr\u017eali su svoj hrvatski identitet kroz o\u010duvanje [&hellip;]<\/p>","protected":false},"author":1,"featured_media":343,"parent":0,"menu_order":0,"comment_status":"closed","ping_status":"closed","template":"","meta":{"_EventAllDay":false,"_EventTimezone":"","_EventStartDate":"","_EventEndDate":"","_EventStartDateUTC":"","_EventEndDateUTC":"","_EventShowMap":false,"_EventShowMapLink":false,"_EventURL":"","_EventCost":"","_EventCostDescription":"","_EventCurrencySymbol":"","_EventCurrencyCode":"","_EventCurrencyPosition":"","_EventDateTimeSeparator":"","_EventTimeRangeSeparator":"","_EventOrganizerID":[],"_EventVenueID":[],"_OrganizerEmail":"","_OrganizerPhone":"","_OrganizerWebsite":"","_VenueAddress":"","_VenueCity":"","_VenueCountry":"","_VenueProvince":"","_VenueState":"","_VenueZip":"","_VenuePhone":"","_VenueURL":"","_VenueStateProvince":"","_VenueLat":"","_VenueLng":"","_VenueShowMap":false,"_VenueShowMapLink":false,"footnotes":""},"class_list":["post-342","page","type-page","status-publish","has-post-thumbnail","hentry"],"_links":{"self":[{"href":"https:\/\/kudmarkomarojica.hr\/en\/wp-json\/wp\/v2\/pages\/342"}],"collection":[{"href":"https:\/\/kudmarkomarojica.hr\/en\/wp-json\/wp\/v2\/pages"}],"about":[{"href":"https:\/\/kudmarkomarojica.hr\/en\/wp-json\/wp\/v2\/types\/page"}],"author":[{"embeddable":true,"href":"https:\/\/kudmarkomarojica.hr\/en\/wp-json\/wp\/v2\/users\/1"}],"replies":[{"embeddable":true,"href":"https:\/\/kudmarkomarojica.hr\/en\/wp-json\/wp\/v2\/comments?post=342"}],"version-history":[{"count":2,"href":"https:\/\/kudmarkomarojica.hr\/en\/wp-json\/wp\/v2\/pages\/342\/revisions"}],"predecessor-version":[{"id":560,"href":"https:\/\/kudmarkomarojica.hr\/en\/wp-json\/wp\/v2\/pages\/342\/revisions\/560"}],"wp:featuredmedia":[{"embeddable":true,"href":"https:\/\/kudmarkomarojica.hr\/en\/wp-json\/wp\/v2\/media\/343"}],"wp:attachment":[{"href":"https:\/\/kudmarkomarojica.hr\/en\/wp-json\/wp\/v2\/media?parent=342"}],"curies":[{"name":"wp","href":"https:\/\/api.w.org\/{rel}","templated":true}]}}