{"id":66,"date":"2023-08-23T10:15:30","date_gmt":"2023-08-23T08:15:30","guid":{"rendered":"https:\/\/kudmarkomarojica.hr\/?page_id=66"},"modified":"2024-10-05T13:05:11","modified_gmt":"2024-10-05T11:05:11","slug":"o-nama","status":"publish","type":"page","link":"https:\/\/kudmarkomarojica.hr\/en\/o-nama\/","title":{"rendered":"About us"},"content":{"rendered":"<p class=\"has-superbfont-small-font-size\">KUD &#8220;Marko Marojica&#8221; osnovan je 1976. godine. Osnovan je kako bi sa\u010duvali tradiciju i no\u0161nju \u017dupe dubrova\u010dke. Na po\u010detku je KUD &nbsp;djelovao kroz odre\u0111ene sekcije: folklorna sekcija, klapa, \u017eenski pjeva\u010dki zbor i kino sekcija. Uz KUD su tada bili \u017dupski Karnevo, Limena glazba i \u017dupske ma\u017eoretke. Na samom po\u010detku folklornu sekciju je vodio Branko Tadi\u0107, biv\u0161i plesa\u010d u FA &#8220;Ivan Goran Kova\u010di\u0107&#8221;, te je uz \u017dupske bale uveo i dva nova plesa: Bunjevac i Posavinu.<\/p>\n\n\n\n<p class=\"has-superbfont-small-font-size\">Na\u017ealost KUD je od 1992. do 1997. godine bio prisilno uga\u0161en zbog Domovinskog rata. Inicijativom Petra Srijemsia i Marina Srijense KUD se opet vratio 1997. godine. Nakon Domovinskog rata plesali su se samo \u017dupski bali, jer je dosta no\u0161nje bilo uni\u0161teno. Folklornu sekciju je tada vodio Petar Srijemsi sve do 2012. godine.<\/p>\n\n\n\n<p class=\"has-superbfont-small-font-size\">Nakon dosta godina o\u010duvanja izvorne ba\u0161tine odlu\u010dili smo 2012. godine pro\u0161iriti svoj repertoar. Tada nam je do\u0161ao Sulejman Muratovi\u0107 (Sule), tada\u0161nji umjetni\u010dki voditelj Fa &#8220;Lin\u0111o&#8221;, koji nam je postavio koreografiju Dubrova\u010dke posko\u010dice Lin\u0111o i Konavoske plesove. Nakon toga smo se odlu\u010dili za jo\u0161 jedan korak dalje, te smo 2014. godine doveli najpoznatijeg hrvatskog koreografa \u0161jor. Branka \u0160egovi\u0107a iz Splita koji nam je postavio koreografiju Splitskih plesova.<\/p>\n\n\n\n<p class=\"has-superbfont-small-font-size\">Nakon postavljanja Splitskih plesova javila se potreba za tambura\u0161ima, te smo ih tada uspje\u0161no obnovili, a uz nju djeluje i mje\u0161ovita klapa. 2019. godine smo napravili prvi Bo\u017ei\u0107ni koncert, te smo za tu prigodu nau\u010dili koreografiju Valpova\u010dkih plesova koje nam je postavio na\u0161 plesni voditelj Mateo \u010cani\u0107.<\/p>\n\n\n\n<p class=\"has-superbfont-small-font-size\">Ulaskom u 45. obljetnicu po\u010detkom 2021. godine predstavljen je prvi slu\u017ebeni logo KUD-a i napravljena je izlo\u017eba koja prikazuje rad dru\u0161tva kroz svih 45. godina djelovanja. Na\u0161 umjetni\u010dki voditelj Mateo \u010cani\u0107 postavio je Bunjeva\u010dke plesove koji su premjerno izvedeni na proslavi 45. obljetnice na\u0161ega KUD-a.<\/p>\n\n\n\n<p class=\"has-superbfont-small-font-size\">KUD je u svojih 45 godina imao puno turneja, nastupa i putovanja iza sebe. Spomenut \u0107emo samo neke od turneja i putovanja tokom tih 45 godina: Essen, Ohrid, Lintz, Be\u010d, Prag i mnoga mjesta Lijepe na\u0161e. KUD je sudjelovao i na raznim smotrama, kao \u0161to su: Oktoberfest, Me\u0111unarodna smotra folklora u Zagrebu, Na Neretvu mise\u010dina pala, Vinkova\u010dke jeseni, \u0110akova\u010dki vezovi i mnogi drugi. KUD danas broji 125 aktivnih \u010dlanova.<\/p>\n\n\n\n<p><\/p>\n\n\n\n<div class=\"wp-block-media-text is-stacked-on-mobile is-image-fill\" style=\"margin-top:var(--wp--preset--spacing--superbspacing-small);margin-right:0;margin-bottom:var(--wp--preset--spacing--superbspacing-small);margin-left:0;padding-top:0;padding-bottom:0;grid-template-columns:56% auto\"><figure class=\"wp-block-media-text__media\" style=\"background-image:url(https:\/\/mlydimrfz8ig.i.optimole.com\/w:1024\/h:539\/q:mauto\/ig:avif\/http:\/\/kudmarkomarojica.hr\/wp-content\/uploads\/2024\/09\/msf1977-1-scaled-e1726947559474.jpg);background-position:50% 50%\"><img fetchpriority=\"high\" decoding=\"async\" width=\"1024\" height=\"539\" src=\"https:\/\/mlydimrfz8ig.i.optimole.com\/w:1024\/h:539\/q:mauto\/ig:avif\/http:\/\/kudmarkomarojica.hr\/wp-content\/uploads\/2024\/09\/msf1977-1-scaled-e1726947559474.jpg\" alt=\"\" class=\"wp-image-202 size-full\" srcset=\"https:\/\/mlydimrfz8ig.i.optimole.com\/w:1024\/h:539\/q:mauto\/ig:avif\/https:\/\/kudmarkomarojica.hr\/wp-content\/uploads\/2024\/09\/msf1977-1-scaled-e1726947559474.jpg 1024w, https:\/\/mlydimrfz8ig.i.optimole.com\/w:300\/h:158\/q:mauto\/ig:avif\/https:\/\/kudmarkomarojica.hr\/wp-content\/uploads\/2024\/09\/msf1977-1-scaled-e1726947559474.jpg 300w, https:\/\/mlydimrfz8ig.i.optimole.com\/w:768\/h:404\/q:mauto\/ig:avif\/https:\/\/kudmarkomarojica.hr\/wp-content\/uploads\/2024\/09\/msf1977-1-scaled-e1726947559474.jpg 768w, https:\/\/mlydimrfz8ig.i.optimole.com\/w:1536\/h:809\/q:mauto\/ig:avif\/https:\/\/kudmarkomarojica.hr\/wp-content\/uploads\/2024\/09\/msf1977-1-scaled-e1726947559474.jpg 1536w, https:\/\/mlydimrfz8ig.i.optimole.com\/w:1920\/h:1010\/q:mauto\/ig:avif\/https:\/\/kudmarkomarojica.hr\/wp-content\/uploads\/2024\/09\/msf1977-1-scaled-e1726947559474.jpg 2048w\" sizes=\"(max-width: 1024px) 100vw, 1024px\" \/><\/figure><div class=\"wp-block-media-text__content\">\n<h2 class=\"wp-block-heading has-text-align-center\">History of the folklore group<\/h2>\n\n\n\n<p class=\"has-text-align-center\">Explore the folklore group's chronology and see the activities of our folklore group.<\/p>\n\n\n\n<div class=\"wp-block-buttons is-content-justification-center is-layout-flex wp-container-core-buttons-is-layout-1 wp-block-buttons-is-layout-flex\">\n<div class=\"wp-block-button\"><a class=\"wp-block-button__link has-vivid-red-background-color has-background wp-element-button\">Coming Soon<\/a><\/div>\n<\/div>\n<\/div><\/div>\n\n\n\n<p><\/p>","protected":false},"excerpt":{"rendered":"<p>KUD &#8220;Marko Marojica&#8221; osnovan je 1976. godine. Osnovan je kako bi sa\u010duvali tradiciju i no\u0161nju \u017dupe dubrova\u010dke. Na po\u010detku je KUD &nbsp;djelovao kroz odre\u0111ene sekcije: folklorna sekcija, klapa, \u017eenski pjeva\u010dki [&hellip;]<\/p>","protected":false},"author":1,"featured_media":235,"parent":0,"menu_order":0,"comment_status":"closed","ping_status":"closed","template":"","meta":{"_EventAllDay":false,"_EventTimezone":"","_EventStartDate":"","_EventEndDate":"","_EventStartDateUTC":"","_EventEndDateUTC":"","_EventShowMap":false,"_EventShowMapLink":false,"_EventURL":"","_EventCost":"","_EventCostDescription":"","_EventCurrencySymbol":"","_EventCurrencyCode":"","_EventCurrencyPosition":"","_EventDateTimeSeparator":"","_EventTimeRangeSeparator":"","_EventOrganizerID":[],"_EventVenueID":[],"_OrganizerEmail":"","_OrganizerPhone":"","_OrganizerWebsite":"","_VenueAddress":"","_VenueCity":"","_VenueCountry":"","_VenueProvince":"","_VenueState":"","_VenueZip":"","_VenuePhone":"","_VenueURL":"","_VenueStateProvince":"","_VenueLat":"","_VenueLng":"","_VenueShowMap":false,"_VenueShowMapLink":false,"footnotes":""},"class_list":["post-66","page","type-page","status-publish","has-post-thumbnail","hentry"],"_links":{"self":[{"href":"https:\/\/kudmarkomarojica.hr\/en\/wp-json\/wp\/v2\/pages\/66"}],"collection":[{"href":"https:\/\/kudmarkomarojica.hr\/en\/wp-json\/wp\/v2\/pages"}],"about":[{"href":"https:\/\/kudmarkomarojica.hr\/en\/wp-json\/wp\/v2\/types\/page"}],"author":[{"embeddable":true,"href":"https:\/\/kudmarkomarojica.hr\/en\/wp-json\/wp\/v2\/users\/1"}],"replies":[{"embeddable":true,"href":"https:\/\/kudmarkomarojica.hr\/en\/wp-json\/wp\/v2\/comments?post=66"}],"version-history":[{"count":12,"href":"https:\/\/kudmarkomarojica.hr\/en\/wp-json\/wp\/v2\/pages\/66\/revisions"}],"predecessor-version":[{"id":570,"href":"https:\/\/kudmarkomarojica.hr\/en\/wp-json\/wp\/v2\/pages\/66\/revisions\/570"}],"wp:featuredmedia":[{"embeddable":true,"href":"https:\/\/kudmarkomarojica.hr\/en\/wp-json\/wp\/v2\/media\/235"}],"wp:attachment":[{"href":"https:\/\/kudmarkomarojica.hr\/en\/wp-json\/wp\/v2\/media?parent=66"}],"curies":[{"name":"wp","href":"https:\/\/api.w.org\/{rel}","templated":true}]}}