{"id":70,"date":"2023-08-23T10:27:56","date_gmt":"2023-08-23T08:27:56","guid":{"rendered":"https:\/\/kudmarkomarojica.hr\/?page_id=70"},"modified":"2024-09-25T10:46:49","modified_gmt":"2024-09-25T08:46:49","slug":"plesovi","status":"publish","type":"page","link":"https:\/\/kudmarkomarojica.hr\/en\/plesovi\/","title":{"rendered":"Dances"},"content":{"rendered":"<h3 class=\"wp-block-heading\" style=\"margin-top:var(--wp--preset--spacing--superbspacing-medium);margin-bottom:var(--wp--preset--spacing--superbspacing-medium)\">KUD &#8220;Marko Marojica&#8221; njeguje i \u010duva od zaborava plesove svoga kraja. U proteklim godinama smo pro\u0161irili na\u0161 repertoar, te osim \u017dupskih bala ple\u0161emo i plesove iz cijele Hrvatske.<\/h3>\n\n\n\n<hr class=\"wp-block-separator has-alpha-channel-opacity is-style-wide\" style=\"margin-top:0;margin-bottom:0\"\/>\n\n\n\n<div class=\"wp-block-media-text is-stacked-on-mobile\" style=\"margin-top:0;margin-right:0;margin-bottom:0;margin-left:0;padding-top:var(--wp--preset--spacing--superbspacing-small);padding-right:var(--wp--preset--spacing--superbspacing-small);padding-bottom:var(--wp--preset--spacing--superbspacing-small);padding-left:var(--wp--preset--spacing--superbspacing-small)\"><figure class=\"wp-block-media-text__media\"><img fetchpriority=\"high\" decoding=\"async\" width=\"1024\" height=\"576\" src=\"https:\/\/mlydimrfz8ig.i.optimole.com\/w:1024\/h:576\/q:mauto\/ig:avif\/http:\/\/kudmarkomarojica.hr\/wp-content\/uploads\/2024\/09\/IGP3149-edited.jpg\" alt=\"\" class=\"wp-image-185 size-full\" srcset=\"https:\/\/mlydimrfz8ig.i.optimole.com\/w:1024\/h:576\/q:mauto\/ig:avif\/https:\/\/kudmarkomarojica.hr\/wp-content\/uploads\/2024\/09\/IGP3149-edited.jpg 1024w, https:\/\/mlydimrfz8ig.i.optimole.com\/w:300\/h:169\/q:mauto\/ig:avif\/https:\/\/kudmarkomarojica.hr\/wp-content\/uploads\/2024\/09\/IGP3149-edited.jpg 300w, https:\/\/mlydimrfz8ig.i.optimole.com\/w:768\/h:432\/q:mauto\/ig:avif\/https:\/\/kudmarkomarojica.hr\/wp-content\/uploads\/2024\/09\/IGP3149-edited.jpg 768w, https:\/\/mlydimrfz8ig.i.optimole.com\/w:1536\/h:864\/q:mauto\/ig:avif\/https:\/\/kudmarkomarojica.hr\/wp-content\/uploads\/2024\/09\/IGP3149-edited.jpg 1536w, https:\/\/mlydimrfz8ig.i.optimole.com\/w:1920\/h:1080\/q:mauto\/ig:avif\/https:\/\/kudmarkomarojica.hr\/wp-content\/uploads\/2024\/09\/IGP3149-edited.jpg 2048w\" sizes=\"(max-width: 1024px) 100vw, 1024px\" \/><\/figure><div class=\"wp-block-media-text__content\">\n<div class=\"wp-block-group has-global-padding is-layout-constrained wp-container-core-group-is-layout-1 wp-block-group-is-layout-constrained\" style=\"padding-top:var(--wp--preset--spacing--superbspacing-medium);padding-right:var(--wp--preset--spacing--superbspacing-xxsmall);padding-bottom:var(--wp--preset--spacing--superbspacing-medium);padding-left:var(--wp--preset--spacing--superbspacing-xxsmall)\">\n<h2 class=\"wp-block-heading has-text-align-left\">\u017dupski bali<\/h2>\n\n\n\n<h6 class=\"wp-block-heading has-text-align-left\" style=\"margin-top:var(--wp--preset--spacing--superbspacing-xsmall);margin-bottom:var(--wp--preset--spacing--superbspacing-xsmall)\">Koreografija: Mateo \u010cani\u0107<\/h6>\n\n\n\n<h6 class=\"wp-block-heading has-text-align-left\" style=\"margin-top:var(--wp--preset--spacing--superbspacing-xsmall);margin-bottom:var(--wp--preset--spacing--superbspacing-xsmall)\">Lijeri\u010dar: Pavo Srijemsi i Bruno Raji\u0107<\/h6>\n\n\n\n<div class=\"wp-block-buttons is-content-justification-left is-layout-flex wp-container-core-buttons-is-layout-1 wp-block-buttons-is-layout-flex\">\n<div class=\"wp-block-button\"><a class=\"wp-block-button__link has-vivid-red-background-color has-background has-text-align-center wp-element-button\" href=\"\/en\/zupski-bali\/\">Saznaj vi\u0161e<\/a><\/div>\n<\/div>\n<\/div>\n<\/div><\/div>\n\n\n\n<hr class=\"wp-block-separator has-alpha-channel-opacity is-style-wide\" style=\"margin-top:0;margin-bottom:0\"\/>\n\n\n\n<div class=\"wp-block-media-text has-media-on-the-right is-stacked-on-mobile\" style=\"margin-top:0;margin-right:0;margin-bottom:0;margin-left:0;padding-top:var(--wp--preset--spacing--superbspacing-small);padding-right:var(--wp--preset--spacing--superbspacing-small);padding-bottom:var(--wp--preset--spacing--superbspacing-small);padding-left:var(--wp--preset--spacing--superbspacing-small)\"><div class=\"wp-block-media-text__content\">\n<div class=\"wp-block-group has-global-padding is-layout-constrained wp-container-core-group-is-layout-2 wp-block-group-is-layout-constrained\" style=\"padding-top:var(--wp--preset--spacing--superbspacing-medium);padding-right:var(--wp--preset--spacing--superbspacing-xxsmall);padding-bottom:var(--wp--preset--spacing--superbspacing-medium);padding-left:var(--wp--preset--spacing--superbspacing-xxsmall)\">\n<h2 class=\"wp-block-heading has-text-align-left\">Dubrova\u010dka posko\u010dica Lin\u0111o<\/h2>\n\n\n\n<h6 class=\"wp-block-heading has-text-align-left\" style=\"margin-top:var(--wp--preset--spacing--superbspacing-xsmall);margin-bottom:var(--wp--preset--spacing--superbspacing-xsmall)\">Koreografija: Sulejman Muratovi\u0107 (Sule)<\/h6>\n\n\n\n<h6 class=\"wp-block-heading has-text-align-left\" style=\"margin-top:var(--wp--preset--spacing--superbspacing-xsmall);margin-bottom:var(--wp--preset--spacing--superbspacing-xsmall)\">Lijeri\u010dar: Pavo Srijemsi i Bruno Raji\u0107<\/h6>\n\n\n\n<div class=\"wp-block-buttons is-content-justification-left is-layout-flex wp-container-core-buttons-is-layout-2 wp-block-buttons-is-layout-flex\">\n<div class=\"wp-block-button\"><a class=\"wp-block-button__link has-vivid-red-background-color has-background has-text-align-center wp-element-button\" href=\"\/en\/lindo\/\">Saznaj vi\u0161e<\/a><\/div>\n<\/div>\n<\/div>\n<\/div><figure class=\"wp-block-media-text__media\"><img fetchpriority=\"high\" decoding=\"async\" width=\"1024\" height=\"682\" src=\"https:\/\/mlydimrfz8ig.i.optimole.com\/w:1024\/h:682\/q:mauto\/ig:avif\/http:\/\/kudmarkomarojica.hr\/wp-content\/uploads\/2024\/09\/407131644_6747240771995754_1175448785226491985_n.jpg\" alt=\"\" class=\"wp-image-305 size-full\" srcset=\"https:\/\/mlydimrfz8ig.i.optimole.com\/w:1024\/h:682\/q:mauto\/ig:avif\/https:\/\/kudmarkomarojica.hr\/wp-content\/uploads\/2024\/09\/407131644_6747240771995754_1175448785226491985_n.jpg 1024w, https:\/\/mlydimrfz8ig.i.optimole.com\/w:300\/h:200\/q:mauto\/ig:avif\/https:\/\/kudmarkomarojica.hr\/wp-content\/uploads\/2024\/09\/407131644_6747240771995754_1175448785226491985_n.jpg 300w, https:\/\/mlydimrfz8ig.i.optimole.com\/w:768\/h:512\/q:mauto\/ig:avif\/https:\/\/kudmarkomarojica.hr\/wp-content\/uploads\/2024\/09\/407131644_6747240771995754_1175448785226491985_n.jpg 768w, https:\/\/mlydimrfz8ig.i.optimole.com\/w:1536\/h:1023\/q:mauto\/ig:avif\/https:\/\/kudmarkomarojica.hr\/wp-content\/uploads\/2024\/09\/407131644_6747240771995754_1175448785226491985_n.jpg 1536w, https:\/\/mlydimrfz8ig.i.optimole.com\/w:auto\/h:auto\/q:mauto\/ig:avif\/https:\/\/kudmarkomarojica.hr\/wp-content\/uploads\/2024\/09\/407131644_6747240771995754_1175448785226491985_n.jpg 1600w\" sizes=\"(max-width: 1024px) 100vw, 1024px\" \/><\/figure><\/div>\n\n\n\n<hr class=\"wp-block-separator has-alpha-channel-opacity is-style-wide\" style=\"margin-top:0;margin-bottom:0\"\/>\n\n\n\n<div class=\"wp-block-media-text is-stacked-on-mobile\" style=\"margin-top:0;margin-right:0;margin-bottom:0;margin-left:0;padding-top:var(--wp--preset--spacing--superbspacing-small);padding-right:var(--wp--preset--spacing--superbspacing-small);padding-bottom:var(--wp--preset--spacing--superbspacing-small);padding-left:var(--wp--preset--spacing--superbspacing-small)\"><figure class=\"wp-block-media-text__media\"><img data-opt-src=\"https:\/\/mlydimrfz8ig.i.optimole.com\/w:1024\/h:682\/q:mauto\/ig:avif\/https:\/\/kudmarkomarojica.hr\/wp-content\/uploads\/2024\/09\/72469445_10211755180275253_8511840387067805696_n.jpg\"  decoding=\"async\" width=\"1024\" height=\"682\" src=\"data:image/svg+xml,%3Csvg%20viewBox%3D%220%200%201024%20682%22%20width%3D%221024%22%20height%3D%22682%22%20xmlns%3D%22http%3A%2F%2Fwww.w3.org%2F2000%2Fsvg%22%3E%3Crect%20width%3D%221024%22%20height%3D%22682%22%20fill%3D%22transparent%22%2F%3E%3C%2Fsvg%3E\" alt=\"\" class=\"wp-image-274 size-full\"\/><\/figure><div class=\"wp-block-media-text__content\">\n<div class=\"wp-block-group has-global-padding is-layout-constrained wp-container-core-group-is-layout-3 wp-block-group-is-layout-constrained\" style=\"padding-top:var(--wp--preset--spacing--superbspacing-medium);padding-right:var(--wp--preset--spacing--superbspacing-xxsmall);padding-bottom:var(--wp--preset--spacing--superbspacing-medium);padding-left:var(--wp--preset--spacing--superbspacing-xxsmall)\">\n<h2 class=\"wp-block-heading has-text-align-left\">Konavle<\/h2>\n\n\n\n<h6 class=\"wp-block-heading has-text-align-left\" style=\"margin-top:var(--wp--preset--spacing--superbspacing-xsmall);margin-bottom:var(--wp--preset--spacing--superbspacing-xsmall)\">Koreografija: Sulejman Muratovi\u0107 (Sule)<\/h6>\n\n\n\n<h6 class=\"wp-block-heading has-text-align-left\" style=\"margin-top:var(--wp--preset--spacing--superbspacing-xsmall);margin-bottom:var(--wp--preset--spacing--superbspacing-xsmall)\">Glazba: Enes Omer\u010dahi\u0107<\/h6>\n\n\n\n<div class=\"wp-block-buttons is-content-justification-left is-layout-flex wp-container-core-buttons-is-layout-3 wp-block-buttons-is-layout-flex\">\n<div class=\"wp-block-button\"><a class=\"wp-block-button__link has-vivid-red-background-color has-background has-text-align-center wp-element-button\" href=\"\/en\/konavle\/\">Saznaj vi\u0161e<\/a><\/div>\n<\/div>\n<\/div>\n<\/div><\/div>\n\n\n\n<hr class=\"wp-block-separator has-alpha-channel-opacity is-style-wide\" style=\"margin-top:0;margin-bottom:0\"\/>\n\n\n\n<div class=\"wp-block-media-text has-media-on-the-right is-stacked-on-mobile\" style=\"margin-top:0;margin-right:0;margin-bottom:0;margin-left:0;padding-top:var(--wp--preset--spacing--superbspacing-small);padding-right:var(--wp--preset--spacing--superbspacing-small);padding-bottom:var(--wp--preset--spacing--superbspacing-small);padding-left:var(--wp--preset--spacing--superbspacing-small)\"><div class=\"wp-block-media-text__content\">\n<div class=\"wp-block-group has-global-padding is-layout-constrained wp-container-core-group-is-layout-4 wp-block-group-is-layout-constrained\" style=\"padding-top:var(--wp--preset--spacing--superbspacing-medium);padding-right:var(--wp--preset--spacing--superbspacing-xxsmall);padding-bottom:var(--wp--preset--spacing--superbspacing-medium);padding-left:var(--wp--preset--spacing--superbspacing-xxsmall)\">\n<h2 class=\"wp-block-heading has-text-align-left\">Splitski plesovi<\/h2>\n\n\n\n<h6 class=\"wp-block-heading has-text-align-left\" style=\"margin-top:var(--wp--preset--spacing--superbspacing-xsmall);margin-bottom:var(--wp--preset--spacing--superbspacing-xsmall)\">Koreografija: Branko \u0160egovi\u0107<\/h6>\n\n\n\n<h6 class=\"wp-block-heading has-text-align-left\" style=\"margin-top:var(--wp--preset--spacing--superbspacing-xsmall);margin-bottom:var(--wp--preset--spacing--superbspacing-xsmall)\">Glazba: Enes Omer\u010dahi\u0107<\/h6>\n\n\n\n<div class=\"wp-block-buttons is-content-justification-left is-layout-flex wp-container-core-buttons-is-layout-4 wp-block-buttons-is-layout-flex\">\n<div class=\"wp-block-button\"><a class=\"wp-block-button__link has-vivid-red-background-color has-background has-text-align-center wp-element-button\" href=\"https:\/\/kudmarkomarojica.hr\/en\/splitski-plesovi\/\">Saznaj vi\u0161e<\/a><\/div>\n<\/div>\n<\/div>\n<\/div><figure class=\"wp-block-media-text__media\"><img data-opt-src=\"https:\/\/mlydimrfz8ig.i.optimole.com\/w:auto\/h:auto\/q:mauto\/ig:avif\/http:\/\/kudmarkomarojica.hr\/wp-content\/uploads\/2024\/09\/120014992_10213902524077506_1909872653700068655_n-e1727077711926.jpg\"  decoding=\"async\" width=\"933\" height=\"720\" src=\"data:image/svg+xml,%3Csvg%20viewBox%3D%220%200%20100%%20100%%22%20width%3D%22100%%22%20height%3D%22100%%22%20xmlns%3D%22http%3A%2F%2Fwww.w3.org%2F2000%2Fsvg%22%3E%3Crect%20width%3D%22100%%22%20height%3D%22100%%22%20fill%3D%22transparent%22%2F%3E%3C%2Fsvg%3E\" alt=\"\" class=\"wp-image-275 size-full\"\/><\/figure><\/div>\n\n\n\n<hr class=\"wp-block-separator has-alpha-channel-opacity is-style-wide\" style=\"margin-top:0;margin-bottom:0\"\/>\n\n\n\n<div class=\"wp-block-media-text is-stacked-on-mobile\" style=\"margin-top:0;margin-right:0;margin-bottom:0;margin-left:0;padding-top:var(--wp--preset--spacing--superbspacing-small);padding-right:var(--wp--preset--spacing--superbspacing-small);padding-bottom:var(--wp--preset--spacing--superbspacing-small);padding-left:var(--wp--preset--spacing--superbspacing-small)\"><figure class=\"wp-block-media-text__media\"><img data-opt-src=\"https:\/\/mlydimrfz8ig.i.optimole.com\/w:1024\/h:683\/q:mauto\/ig:avif\/http:\/\/kudmarkomarojica.hr\/wp-content\/uploads\/2024\/09\/80747635_10212191666307131_3953397192718286848_n.jpg\"  decoding=\"async\" width=\"1024\" height=\"683\" src=\"data:image/svg+xml,%3Csvg%20viewBox%3D%220%200%201024%20683%22%20width%3D%221024%22%20height%3D%22683%22%20xmlns%3D%22http%3A%2F%2Fwww.w3.org%2F2000%2Fsvg%22%3E%3Crect%20width%3D%221024%22%20height%3D%22683%22%20fill%3D%22transparent%22%2F%3E%3C%2Fsvg%3E\" alt=\"\" class=\"wp-image-276 size-full\" old-srcset=\"https:\/\/mlydimrfz8ig.i.optimole.com\/w:1024\/h:683\/q:mauto\/ig:avif\/https:\/\/kudmarkomarojica.hr\/wp-content\/uploads\/2024\/09\/80747635_10212191666307131_3953397192718286848_n.jpg 1024w, https:\/\/mlydimrfz8ig.i.optimole.com\/w:300\/h:200\/q:mauto\/ig:avif\/https:\/\/kudmarkomarojica.hr\/wp-content\/uploads\/2024\/09\/80747635_10212191666307131_3953397192718286848_n.jpg 300w, https:\/\/mlydimrfz8ig.i.optimole.com\/w:768\/h:512\/q:mauto\/ig:avif\/https:\/\/kudmarkomarojica.hr\/wp-content\/uploads\/2024\/09\/80747635_10212191666307131_3953397192718286848_n.jpg 768w, https:\/\/mlydimrfz8ig.i.optimole.com\/w:auto\/h:auto\/q:mauto\/ig:avif\/https:\/\/kudmarkomarojica.hr\/wp-content\/uploads\/2024\/09\/80747635_10212191666307131_3953397192718286848_n.jpg 1080w\" \/><\/figure><div class=\"wp-block-media-text__content\">\n<div class=\"wp-block-group has-global-padding is-layout-constrained wp-container-core-group-is-layout-5 wp-block-group-is-layout-constrained\" style=\"padding-top:var(--wp--preset--spacing--superbspacing-medium);padding-right:var(--wp--preset--spacing--superbspacing-xxsmall);padding-bottom:var(--wp--preset--spacing--superbspacing-medium);padding-left:var(--wp--preset--spacing--superbspacing-xxsmall)\">\n<h2 class=\"wp-block-heading has-text-align-left\">Valpova\u010dki plesovi<\/h2>\n\n\n\n<h6 class=\"wp-block-heading has-text-align-left\" style=\"margin-top:var(--wp--preset--spacing--superbspacing-xsmall);margin-bottom:var(--wp--preset--spacing--superbspacing-xsmall)\">Koreografija: Sulejman Muratovi\u0107 (Sule)<\/h6>\n\n\n\n<h6 class=\"wp-block-heading has-text-align-left\" style=\"margin-top:var(--wp--preset--spacing--superbspacing-xsmall);margin-bottom:var(--wp--preset--spacing--superbspacing-xsmall)\">Glazba: Zlatko Poto\u010dnik<\/h6>\n\n\n\n<div class=\"wp-block-buttons is-content-justification-left is-layout-flex wp-container-core-buttons-is-layout-5 wp-block-buttons-is-layout-flex\">\n<div class=\"wp-block-button\"><a class=\"wp-block-button__link has-vivid-red-background-color has-background has-text-align-center wp-element-button\" href=\"\/en\/valpovacki-plesovi\/\">Saznaj vi\u0161e<\/a><\/div>\n<\/div>\n<\/div>\n<\/div><\/div>\n\n\n\n<hr class=\"wp-block-separator has-alpha-channel-opacity is-style-wide\"\/>\n\n\n\n<div class=\"wp-block-media-text has-media-on-the-right is-stacked-on-mobile\" style=\"margin-top:0;margin-right:0;margin-bottom:0;margin-left:0;padding-top:var(--wp--preset--spacing--superbspacing-small);padding-right:var(--wp--preset--spacing--superbspacing-small);padding-bottom:var(--wp--preset--spacing--superbspacing-small);padding-left:var(--wp--preset--spacing--superbspacing-small)\"><div class=\"wp-block-media-text__content\">\n<div class=\"wp-block-group has-global-padding is-layout-constrained wp-container-core-group-is-layout-6 wp-block-group-is-layout-constrained\" style=\"padding-top:var(--wp--preset--spacing--superbspacing-medium);padding-right:var(--wp--preset--spacing--superbspacing-xxsmall);padding-bottom:var(--wp--preset--spacing--superbspacing-medium);padding-left:var(--wp--preset--spacing--superbspacing-xxsmall)\">\n<h2 class=\"wp-block-heading has-text-align-left\">Bunjeva\u010dki plesovi<\/h2>\n\n\n\n<h6 class=\"wp-block-heading has-text-align-left\" style=\"margin-top:var(--wp--preset--spacing--superbspacing-xsmall);margin-bottom:var(--wp--preset--spacing--superbspacing-xsmall)\">Koreografija: Mateo \u010cani\u0107<\/h6>\n\n\n\n<h6 class=\"wp-block-heading has-text-align-left\" style=\"margin-top:var(--wp--preset--spacing--superbspacing-xsmall);margin-bottom:var(--wp--preset--spacing--superbspacing-xsmall)\">Glazba: \u0110or\u0111e Begu<\/h6>\n\n\n\n<div class=\"wp-block-buttons is-content-justification-left is-layout-flex wp-container-core-buttons-is-layout-6 wp-block-buttons-is-layout-flex\">\n<div class=\"wp-block-button\"><a class=\"wp-block-button__link has-vivid-red-background-color has-background has-text-align-center wp-element-button\" href=\"\/en\/bunjevacki-plesovi\/\">Saznaj vi\u0161e<\/a><\/div>\n<\/div>\n<\/div>\n<\/div><figure class=\"wp-block-media-text__media\"><img data-opt-src=\"https:\/\/mlydimrfz8ig.i.optimole.com\/w:1024\/h:683\/q:mauto\/ig:avif\/https:\/\/kudmarkomarojica.hr\/wp-content\/uploads\/2024\/09\/KUD-Marko-Marojica-45-obljetnica-3.jpg\"  decoding=\"async\" width=\"1024\" height=\"683\" src=\"data:image/svg+xml,%3Csvg%20viewBox%3D%220%200%201024%20683%22%20width%3D%221024%22%20height%3D%22683%22%20xmlns%3D%22http%3A%2F%2Fwww.w3.org%2F2000%2Fsvg%22%3E%3Crect%20width%3D%221024%22%20height%3D%22683%22%20fill%3D%22transparent%22%2F%3E%3C%2Fsvg%3E\" alt=\"\" class=\"wp-image-290 size-full\" old-srcset=\"https:\/\/mlydimrfz8ig.i.optimole.com\/w:1024\/h:683\/q:mauto\/ig:avif\/https:\/\/kudmarkomarojica.hr\/wp-content\/uploads\/2024\/09\/KUD-Marko-Marojica-45-obljetnica-3.jpg 1024w, https:\/\/mlydimrfz8ig.i.optimole.com\/w:300\/h:200\/q:mauto\/ig:avif\/https:\/\/kudmarkomarojica.hr\/wp-content\/uploads\/2024\/09\/KUD-Marko-Marojica-45-obljetnica-3.jpg 300w, https:\/\/mlydimrfz8ig.i.optimole.com\/w:768\/h:512\/q:mauto\/ig:avif\/https:\/\/kudmarkomarojica.hr\/wp-content\/uploads\/2024\/09\/KUD-Marko-Marojica-45-obljetnica-3.jpg 768w, https:\/\/mlydimrfz8ig.i.optimole.com\/w:auto\/h:auto\/q:mauto\/ig:avif\/https:\/\/kudmarkomarojica.hr\/wp-content\/uploads\/2024\/09\/KUD-Marko-Marojica-45-obljetnica-3.jpg 1200w\" \/><\/figure><\/div>\n\n\n\n<hr class=\"wp-block-separator has-alpha-channel-opacity is-style-wide\"\/>","protected":false},"excerpt":{"rendered":"<p>KUD &#8220;Marko Marojica&#8221; njeguje i \u010duva od zaborava plesove svoga kraja. U proteklim godinama smo pro\u0161irili na\u0161 repertoar, te osim \u017dupskih bala ple\u0161emo i plesove iz cijele Hrvatske.<\/p>","protected":false},"author":1,"featured_media":266,"parent":0,"menu_order":0,"comment_status":"closed","ping_status":"closed","template":"","meta":{"_EventAllDay":false,"_EventTimezone":"","_EventStartDate":"","_EventEndDate":"","_EventStartDateUTC":"","_EventEndDateUTC":"","_EventShowMap":false,"_EventShowMapLink":false,"_EventURL":"","_EventCost":"","_EventCostDescription":"","_EventCurrencySymbol":"","_EventCurrencyCode":"","_EventCurrencyPosition":"","_EventDateTimeSeparator":"","_EventTimeRangeSeparator":"","_EventOrganizerID":[],"_EventVenueID":[],"_OrganizerEmail":"","_OrganizerPhone":"","_OrganizerWebsite":"","_VenueAddress":"","_VenueCity":"","_VenueCountry":"","_VenueProvince":"","_VenueState":"","_VenueZip":"","_VenuePhone":"","_VenueURL":"","_VenueStateProvince":"","_VenueLat":"","_VenueLng":"","_VenueShowMap":false,"_VenueShowMapLink":false,"footnotes":""},"class_list":["post-70","page","type-page","status-publish","has-post-thumbnail","hentry"],"_links":{"self":[{"href":"https:\/\/kudmarkomarojica.hr\/en\/wp-json\/wp\/v2\/pages\/70"}],"collection":[{"href":"https:\/\/kudmarkomarojica.hr\/en\/wp-json\/wp\/v2\/pages"}],"about":[{"href":"https:\/\/kudmarkomarojica.hr\/en\/wp-json\/wp\/v2\/types\/page"}],"author":[{"embeddable":true,"href":"https:\/\/kudmarkomarojica.hr\/en\/wp-json\/wp\/v2\/users\/1"}],"replies":[{"embeddable":true,"href":"https:\/\/kudmarkomarojica.hr\/en\/wp-json\/wp\/v2\/comments?post=70"}],"version-history":[{"count":19,"href":"https:\/\/kudmarkomarojica.hr\/en\/wp-json\/wp\/v2\/pages\/70\/revisions"}],"predecessor-version":[{"id":348,"href":"https:\/\/kudmarkomarojica.hr\/en\/wp-json\/wp\/v2\/pages\/70\/revisions\/348"}],"wp:featuredmedia":[{"embeddable":true,"href":"https:\/\/kudmarkomarojica.hr\/en\/wp-json\/wp\/v2\/media\/266"}],"wp:attachment":[{"href":"https:\/\/kudmarkomarojica.hr\/en\/wp-json\/wp\/v2\/media?parent=70"}],"curies":[{"name":"wp","href":"https:\/\/api.w.org\/{rel}","templated":true}]}}